{"id":620,"date":"2024-09-24T16:47:37","date_gmt":"2024-09-24T16:47:37","guid":{"rendered":"https:\/\/ayto5.accesia.info\/?page_id=620"},"modified":"2025-10-08T18:39:48","modified_gmt":"2025-10-08T18:39:48","slug":"biblioteca-municipal","status":"publish","type":"page","link":"https:\/\/villalonga.es\/es\/serveis-municipals\/biblioteca-municipal\/","title":{"rendered":"Biblioteca municipal"},"content":{"rendered":"<!--themify_builder_content-->\n<div id=\"themify_builder_content-620\" data-postid=\"620\" class=\"themify_builder_content themify_builder_content-620 themify_builder tf_clear\">\n                    <div  data-parallax-bg=\"desktop\" data-lazy=\"1\" class=\"module_row themify_builder_row tb_fvf9342 tb_first tf_w\">\n            <span class=\"builder_row_cover tf_abs\"><\/span>            <div class=\"row_inner col_align_top tb_col_count_1 tf_box tf_rel\">\n                        <div  data-lazy=\"1\" class=\"module_column tb-column col-full tb_sgm3342 first\">\n                    <!-- module text -->\n<div  class=\"module module-text tb_t6uc342\" data-lazy=\"1\">\n        <div  class=\"tb_text_wrap\">\n        <h1 style=\"margin-bottom: 0;\">Biblioteca municipal<\/h1>    <\/div>\n<\/div>\n<!-- \/module text -->        <\/div>\n                        <\/div>\n        <\/div>\n                        <div  data-lazy=\"1\" class=\"module_row themify_builder_row tb_865l200 tf_w\">\n                        <div class=\"row_inner col_align_top tb_col_count_1 tf_box tf_rel\">\n                        <div  data-lazy=\"1\" class=\"module_column tb-column col-full tb_6nbg200 first\">\n                    <!-- module image -->\n<div  class=\"module module-image tb_a7yj14 image-center   tf_mw\" data-lazy=\"1\">\n        <div class=\"image-wrap tf_rel tf_mw\">\n            <img loading=\"lazy\" decoding=\"async\" width=\"350\" height=\"350\" src=\"https:\/\/villalonga.es\/wp-content\/uploads\/2024\/09\/184-1774393723132813679.png\" class=\"wp-post-image wp-image-693\" title=\"184-1774393723132813679\" alt=\"184-1774393723132813679\" srcset=\"https:\/\/villalonga.es\/wp-content\/uploads\/2024\/09\/184-1774393723132813679.png 350w, https:\/\/villalonga.es\/wp-content\/uploads\/2024\/09\/184-1774393723132813679-300x300.png 300w, https:\/\/villalonga.es\/wp-content\/uploads\/2024\/09\/184-1774393723132813679-150x150.png 150w, https:\/\/villalonga.es\/wp-content\/uploads\/2024\/09\/184-1774393723132813679-12x12.png 12w\" sizes=\"auto, (max-width: 350px) 100vw, 350px\" \/>    \n        <\/div>\n    <!-- \/image-wrap -->\n    \n        <\/div>\n<!-- \/module image --><!-- module text -->\n<div  class=\"module module-text tb_p08r741\" data-lazy=\"1\">\n        <div  class=\"tb_text_wrap\">\n        <p style=\"text-align: center;\"><br>Abierto <b>lunes<\/b>, <b>mi\u00e9rcoles<\/b> y <b>viernes <\/b>de<b> 17:30 a 19:30 <\/b>horas,<\/p>\n<p style=\"text-align: center;\">y <b>s\u00e1bados <\/b>de <b>11:00 a 13:00<\/b> horas.<br><br><strong>El saber no ocupa sitio.<\/strong><\/p>    <\/div>\n<\/div>\n<!-- \/module text --><!-- module text -->\n<div  class=\"module module-text tb_be4k747\" data-lazy=\"1\">\n        <div  class=\"tb_text_wrap\">\n        <div id=\"sl23977_bg\" class=\"sl_bg\" data-name=\"\" data-id=\"23977\">\n<div id=\"sl23977\" class=\"sl\">\n<div class=\"fila\">\n<div class=\"c-12\">\n<div id=\"ce36483_bg\" class=\"ce_bg\">\n<div id=\"ce36483_bg2\" class=\"ce_bg2\">\n<div id=\"ce36483\" class=\"ce\">\n<div class=\"txt\">\n<p>Existe una Biblioteca p\u00fablica Municipal, con una amplia colecci\u00f3n de libros de diversas tem\u00e1ticas tanto para consulta como pr\u00e9stamo.<\/p>\n<p>La Biblioteca cuenta adem\u00e1s con una serie de ordenadores con conexi\u00f3n a internet donde los usuarios pueden realizar consultas, trabajos escolares, etc.<\/p>\n<\/div>\n<\/div>\n<\/div>\n<\/div>\n<\/div>\n<\/div>\n<\/div>\n<\/div>\n<div id=\"sl23978_bg\" class=\"sl_bg\" data-name=\"\" data-id=\"23978\">\n<div id=\"sl23978\" class=\"sl\">\n<div class=\"fila\">\n<div class=\"c-12 c-md-6\">\n<div id=\"ce36484_bg\" class=\"ce_bg\">\n<div id=\"ce36484_bg2\" class=\"ce_bg2\">\n<div id=\"ce36484\" class=\"ce\">\n<div class=\"txt\">\u00a0<\/div>\n<\/div>\n<\/div>\n<\/div>\n<\/div>\n<\/div>\n<\/div>\n<\/div>    <\/div>\n<\/div>\n<!-- \/module text -->        <\/div>\n                        <\/div>\n        <\/div>\n        <\/div>\n<!--\/themify_builder_content-->","protected":false},"excerpt":{"rendered":"<p>Biblioteca municipal Obert dilluns, dimecres i divendres de 17:30 a 19:30 hores, i dissabtes de 11:00 a 13:00 hores. El saber no ocupa lloc. Existeix una Biblioteca p\u00fablica Municipal, amb una \u00e0mplia col\u00b7lecci\u00f3 de llibres de diverses tem\u00e0tiques tant per a consulta com per a pr\u00e9stec. La Biblioteca compta, a m\u00e9s a m\u00e9s, amb una [&hellip;]<\/p>\n","protected":false},"author":1,"featured_media":0,"parent":599,"menu_order":0,"comment_status":"closed","ping_status":"closed","template":"","meta":{"footnotes":""},"class_list":["post-620","page","type-page","status-publish","hentry","has-post-title","has-post-date","has-post-category","has-post-tag","has-post-comment","has-post-author",""],"builder_content":"<h1 style=\"margin-bottom: 0;\">Biblioteca municipal<\/h1>\n<img src=\"https:\/\/villalonga.es\/wp-content\/uploads\/2024\/09\/184-1774393723132813679.png\" title=\"184-1774393723132813679\" alt=\"184-1774393723132813679\" srcset=\"https:\/\/villalonga.es\/wp-content\/uploads\/2024\/09\/184-1774393723132813679.png 350w, https:\/\/villalonga.es\/wp-content\/uploads\/2024\/09\/184-1774393723132813679-300x300.png 300w, https:\/\/villalonga.es\/wp-content\/uploads\/2024\/09\/184-1774393723132813679-150x150.png 150w, https:\/\/villalonga.es\/wp-content\/uploads\/2024\/09\/184-1774393723132813679-12x12.png 12w\" sizes=\"(max-width: 350px) 100vw, 350px\" \/>\n<p style=\"text-align: center;\"><br>Obert <b>dilluns<\/b>, <b>dimecres<\/b> i <b>divendres <\/b>de<b> 17:30 a 19:30 <\/b>hores,<\/p> <p style=\"text-align: center;\">i <b>dissabtes <\/b>de <b>11:00 a 13:00<\/b> hores.<br><br><strong>El saber no ocupa lloc.<\/strong><\/p>\n<p>Existeix una Biblioteca p\u00fablica Municipal, amb una \u00e0mplia col\u00b7lecci\u00f3 de llibres de diverses tem\u00e0tiques tant per a consulta com per a pr\u00e9stec.<\/p> <p>La Biblioteca compta, a m\u00e9s a m\u00e9s, amb una s\u00e8rie d'ordinadors amb connexi\u00f3 a internet on els usuaris poden realitzar consultes, treballs escolars, etc.<\/p>\n\u00a0","_links":{"self":[{"href":"https:\/\/villalonga.es\/es\/wp-json\/wp\/v2\/pages\/620","targetHints":{"allow":["GET"]}}],"collection":[{"href":"https:\/\/villalonga.es\/es\/wp-json\/wp\/v2\/pages"}],"about":[{"href":"https:\/\/villalonga.es\/es\/wp-json\/wp\/v2\/types\/page"}],"author":[{"embeddable":true,"href":"https:\/\/villalonga.es\/es\/wp-json\/wp\/v2\/users\/1"}],"replies":[{"embeddable":true,"href":"https:\/\/villalonga.es\/es\/wp-json\/wp\/v2\/comments?post=620"}],"version-history":[{"count":18,"href":"https:\/\/villalonga.es\/es\/wp-json\/wp\/v2\/pages\/620\/revisions"}],"predecessor-version":[{"id":2544,"href":"https:\/\/villalonga.es\/es\/wp-json\/wp\/v2\/pages\/620\/revisions\/2544"}],"up":[{"embeddable":true,"href":"https:\/\/villalonga.es\/es\/wp-json\/wp\/v2\/pages\/599"}],"wp:attachment":[{"href":"https:\/\/villalonga.es\/es\/wp-json\/wp\/v2\/media?parent=620"}],"curies":[{"name":"wp","href":"https:\/\/api.w.org\/{rel}","templated":true}]}}