{"id":409,"date":"2024-08-31T16:41:43","date_gmt":"2024-08-31T16:41:43","guid":{"rendered":"https:\/\/ayto5.accesia.info\/?page_id=409"},"modified":"2025-10-08T03:18:42","modified_gmt":"2025-10-08T03:18:42","slug":"politica-de-cookies","status":"publish","type":"page","link":"https:\/\/villalonga.es\/es\/politica-de-cookies\/","title":{"rendered":"Pol\u00edtica de cookies"},"content":{"rendered":"<!--themify_builder_content-->\n<div id=\"themify_builder_content-409\" data-postid=\"409\" class=\"themify_builder_content themify_builder_content-409 themify_builder tf_clear\">\n                    <div  data-parallax-bg=\"desktop\" data-lazy=\"1\" class=\"module_row themify_builder_row tb_fe58c64 tb_first tf_w\">\n            <span class=\"builder_row_cover tf_abs\"><\/span>            <div class=\"row_inner col_align_top tb_col_count_1 tf_box tf_rel\">\n                        <div  data-lazy=\"1\" class=\"module_column tb-column col-full tb_bb1b33d first\">\n                    <!-- module text -->\n<div  class=\"module module-text tb_2c0aaca\" data-lazy=\"1\">\n        <div  class=\"tb_text_wrap\">\n        <h1 style=\"margin-bottom: 0;\">Pol\u00edtica de cookies<\/h1>    <\/div>\n<\/div>\n<!-- \/module text -->        <\/div>\n                        <\/div>\n        <\/div>\n                        <div  data-lazy=\"1\" class=\"module_row themify_builder_row tb_hh5d979 tf_w\">\n                        <div class=\"row_inner col_align_top tb_col_count_1 tf_box tf_rel\">\n                        <div  data-lazy=\"1\" class=\"module_column tb-column col-full tb_a5jw979 first\">\n                    <!-- module text -->\n<div  class=\"module module-text tb_4klc979\" data-lazy=\"1\">\n        <div  class=\"tb_text_wrap\">\n        <p><strong>Fecha de \u00faltima actualizaci\u00f3n: 09\/10\/2025<\/strong><\/p>\n<p>El<strong>Ayuntamiento de Villalonga<\/strong> utiliza cookies y tecnolog\u00edas similares en nuestro sitio web <a href=\"http:\/\/villalonga.es\/es\/\"><b>villalonga.es<\/b><\/a><\/p>\n<p>Al utilizar nuestro sitio web, usted acepta el uso de cookies de acuerdo con esta Pol\u00edtica de Cookies. Si no est\u00e1 de acuerdo con el uso de cookies, debe desactivarlas siguiendo las instrucciones proporcionadas en esta Pol\u00edtica de Cookies o dejar de utilizar nuestro sitio web.<\/p>\n<p><strong>\u00bfQu\u00e9 son las cookies?<\/strong><\/p>\n<p>Las cookies son peque\u00f1os archivos de texto que se almacenan en su dispositivo (como el ordenador, tableta o tel\u00e9fono m\u00f3vil) cuando visita nuestro sitio web. Las cookies se utilizan ampliamente para que los sitios web funcionen correctamente y de forma m\u00e1s eficiente, as\u00ed como para proporcionar informaci\u00f3n a los propietarios del sitio.<\/p>\n<p><strong>Tipo de cookies utilizadas<\/strong><\/p>\n<ul>\n<li>\n<p><strong>Cookies esenciales:<\/strong> Estas cookies son necesarias para proporcionarle los servicios disponibles a trav\u00e9s de nuestro sitio web y permitirle utilizar algunas de sus funciones. Por ejemplo, utilizamos cookies esenciales para autenticar su acceso a \u00e1reas seguras del sitio web.<\/p>\n<\/li>\n<li>\n<p><strong>Cookies de rendimiento y an\u00e1lisis:<\/strong> Estas cookies recopilan informaci\u00f3n sobre c\u00f3mo los visitantes utilizan nuestro sitio web, como las p\u00e1ginas que visitan con mayor frecuencia y si reciben mensajes de error de las p\u00e1ginas web. Utilizamos esta informaci\u00f3n para mejorar la funcionalidad y rendimiento del sitio web y para comprender mejor c\u00f3mo se utiliza y navega por \u00e9ste.<\/p>\n<\/li>\n<li>\n<p><strong>Cookies de funcionalidad:<\/strong> Estas cookies se utilizan para reconocerlo cuando regresa a nuestro sitio web y para recordar las elecciones que haya realizado, como el idioma de preferencia o las opciones de personalizaci\u00f3n. Estas cookies nos permiten proporcionarle una experiencia m\u00e1s personalizada y mejorar su comodidad de uso.<\/p>\n<\/li>\n<li>\n<p><strong>Cookies de publicidad:<\/strong> Estas cookies se utilizan para mostrar anuncios relevantes para usted y sus intereses. Tambi\u00e9n se utilizan para limitar la frecuencia con la que se muestra un anuncio y para medir la efectividad de una campa\u00f1a publicitaria. Estas cookies son generalmente colocadas por redes publicitarias de terceros.<\/p>\n<\/li>\n<\/ul>\n<p><strong>Control de cookies<\/strong><\/p>\n<p>Al utilizar nuestro sitio web, usted acepta el uso de cookies de acuerdo con esta Pol\u00edtica de Cookies. Puede controlar y administrar las cookies en cualquier momento a trav\u00e9s de la configuraci\u00f3n de su navegador. Tenga en cuenta que desactivar las cookies puede afectar a la funcionalidad de nuestro sitio web y limitar su capacidad para utilizar todas sus caracter\u00edsticas.<\/p>\n<p><strong>Enlaces a otros sitios web<\/strong><\/p>\n<p>Nuestro sitio web puede contener enlaces a otros sitios web de terceros. Esta Pol\u00edtica de Cookies no se aplica a los sitios web de terceros, por tanto, le recomendamos que consulte las pol\u00edticas de cookies de estos sitios web.<\/p>\n<p><strong>Cambios en la Pol\u00edtica de Cookies<\/strong><\/p>\n<p>Nos reservamos el derecho a modificar o actualizar esta Pol\u00edtica de Cookies en cualquier momento para reflejar los cambios en nuestras pr\u00e1cticas de cookies. Cualquier actualizaci\u00f3n entrar\u00e1 en vigor tan pronto como se publique la versi\u00f3n revisada en nuestro sitio web. Le recomendamos que revise peri\u00f3dicamente esta Pol\u00edtica de Cookies para estar informado sobre c\u00f3mo utilizamos las cookies.<\/p>    <\/div>\n<\/div>\n<!-- \/module text -->        <\/div>\n                        <\/div>\n        <\/div>\n        <\/div>\n<!--\/themify_builder_content-->","protected":false},"excerpt":{"rendered":"<p>Pol\u00edtica de cookies Data d\u2019\u00faltima actualitzaci\u00f3: 09\/10\/2025 L&#8217;Ajuntament de Villalonga utilitza cookies i tecnologies similars en el nostre lloc web villalonga.es En utilitzar el nostre lloc web, vost\u00e9 accepta l\u2019\u00fas de cookies d\u2019acord amb aquesta Pol\u00edtica de Cookies. Si no est\u00e0 d\u2019acord amb l\u2019\u00fas de cookies, ha de desactivar-les seguint les instruccions proporcionades en aquesta [&hellip;]<\/p>\n","protected":false},"author":1,"featured_media":0,"parent":0,"menu_order":0,"comment_status":"closed","ping_status":"closed","template":"","meta":{"footnotes":""},"class_list":["post-409","page","type-page","status-publish","hentry","has-post-title","has-post-date","has-post-category","has-post-tag","has-post-comment","has-post-author",""],"builder_content":"<h1 style=\"margin-bottom: 0;\">Pol\u00edtica de cookies<\/h1>\n<p><strong>Data d\u2019\u00faltima actualitzaci\u00f3: 09\/10\/2025<\/strong><\/p> <p>L'<strong>Ajuntament de Villalonga<\/strong> utilitza cookies i tecnologies similars en el nostre lloc web <a href=\"http:\/\/villalonga.es\"><b>villalonga.es<\/b><\/a><\/p> <p>En utilitzar el nostre lloc web, vost\u00e9 accepta l\u2019\u00fas de cookies d\u2019acord amb aquesta Pol\u00edtica de Cookies. Si no est\u00e0 d\u2019acord amb l\u2019\u00fas de cookies, ha de desactivar-les seguint les instruccions proporcionades en aquesta Pol\u00edtica de Cookies o deixar d\u2019utilitzar el nostre lloc web.<\/p> <p><strong>Qu\u00e8 s\u00f3n les cookies?<\/strong><\/p> <p>Les cookies s\u00f3n xicotets arxius de text que s\u2019emmagatzemen en el seu dispositiu (com l\u2019ordinador, tauleta o tel\u00e8fon m\u00f2bil) quan visita el nostre lloc web. Les cookies s\u2019utilitzen \u00e0mpliament perqu\u00e8 els llocs web funcionen correctament i de manera m\u00e9s eficient, aix\u00ed com per a proporcionar informaci\u00f3 als propietaris del lloc.<\/p> <p><strong>Tipus de cookies utilitzades<\/strong><\/p> <ul> <li> <p><strong>Cookies essencials:<\/strong> Aquestes cookies s\u00f3n necess\u00e0ries per a proporcionar-li els serveis disponibles a trav\u00e9s del nostre lloc web i per a permetre-li utilitzar algunes de les seues funcions. Per exemple, utilitzem cookies essencials per a autenticar el seu acc\u00e9s a \u00e0rees segures del lloc web.<\/p> <\/li> <li> <p><strong>Cookies de rendiment i an\u00e0lisi:<\/strong> Aquestes cookies recopilen informaci\u00f3 sobre com els visitants utilitzen el nostre lloc web, com les p\u00e0gines que visiten amb m\u00e9s freq\u00fc\u00e8ncia i si reben missatges d\u2019error de les p\u00e0gines web. Utilitzem aquesta informaci\u00f3 per a millorar la funcionalitat i rendiment del lloc web i per a comprendre millor com s\u2019utilitza i es navega per aquest.<\/p> <\/li> <li> <p><strong>Cookies de funcionalitat:<\/strong> Aquestes cookies s\u2019utilitzen per a recon\u00e9ixer-lo quan torna al nostre lloc web i per a recordar les eleccions que haja fet, com l\u2019idioma de prefer\u00e8ncia o les opcions de personalitzaci\u00f3. Aquestes cookies ens permeten proporcionar-li una experi\u00e8ncia m\u00e9s personalitzada i millorar la seua comoditat d\u2019\u00fas.<\/p> <\/li> <li> <p><strong>Cookies de publicitat:<\/strong> Aquestes cookies s\u2019utilitzen per a mostrar anuncis rellevants per a vost\u00e9 i els seus interessos. Tamb\u00e9 s\u2019utilitzen per a limitar la freq\u00fc\u00e8ncia amb la qual es mostra un anunci i per a mesurar l\u2019efectivitat d\u2019una campanya publicit\u00e0ria. Aquestes cookies s\u00f3n generalment col\u00b7locades per xarxes publicit\u00e0ries de tercers.<\/p> <\/li> <\/ul> <p><strong>Control de cookies<\/strong><\/p> <p>En utilitzar el nostre lloc web, vost\u00e9 accepta l\u2019\u00fas de cookies d\u2019acord amb aquesta Pol\u00edtica de Cookies. Pot controlar i administrar les cookies en qualsevol moment a trav\u00e9s de la configuraci\u00f3 del seu navegador. Tingueu en compte que desactivar les cookies pot afectar la funcionalitat del nostre lloc web i limitar la seua capacitat per a utilitzar totes les seues caracter\u00edstiques.<\/p> <p><strong>Enlla\u00e7os a altres llocs web<\/strong><\/p> <p>El nostre lloc web pot contindre enlla\u00e7os a altres llocs web de tercers. Aquesta Pol\u00edtica de Cookies no s\u2019aplica als llocs web de tercers, per tant, li recomanem que consulte les pol\u00edtiques de cookies d\u2019aquests llocs web.<\/p> <p><strong>Canvis en la Pol\u00edtica de Cookies<\/strong><\/p> <p>Ens reservem el dret de modificar o actualitzar aquesta Pol\u00edtica de Cookies en qualsevol moment per a reflectir els canvis en les nostres pr\u00e0ctiques de cookies. Qualsevol actualitzaci\u00f3 entrar\u00e0 en vigor tan prompte com es publique la versi\u00f3 revisada en el nostre lloc web. Li recomanem que revise peri\u00f2dicament aquesta Pol\u00edtica de Cookies per a estar informat sobre com utilitzem les cookies.<\/p>","_links":{"self":[{"href":"https:\/\/villalonga.es\/es\/wp-json\/wp\/v2\/pages\/409","targetHints":{"allow":["GET"]}}],"collection":[{"href":"https:\/\/villalonga.es\/es\/wp-json\/wp\/v2\/pages"}],"about":[{"href":"https:\/\/villalonga.es\/es\/wp-json\/wp\/v2\/types\/page"}],"author":[{"embeddable":true,"href":"https:\/\/villalonga.es\/es\/wp-json\/wp\/v2\/users\/1"}],"replies":[{"embeddable":true,"href":"https:\/\/villalonga.es\/es\/wp-json\/wp\/v2\/comments?post=409"}],"version-history":[{"count":8,"href":"https:\/\/villalonga.es\/es\/wp-json\/wp\/v2\/pages\/409\/revisions"}],"predecessor-version":[{"id":2411,"href":"https:\/\/villalonga.es\/es\/wp-json\/wp\/v2\/pages\/409\/revisions\/2411"}],"wp:attachment":[{"href":"https:\/\/villalonga.es\/es\/wp-json\/wp\/v2\/media?parent=409"}],"curies":[{"name":"wp","href":"https:\/\/api.w.org\/{rel}","templated":true}]}}