{"id":2341,"date":"2025-10-08T02:21:18","date_gmt":"2025-10-08T02:21:18","guid":{"rendered":"https:\/\/villalonga.es\/?page_id=2341"},"modified":"2025-10-08T18:45:22","modified_gmt":"2025-10-08T18:45:22","slug":"medi-ambient","status":"publish","type":"page","link":"https:\/\/villalonga.es\/es\/poble\/medi-ambient\/","title":{"rendered":"Medio ambiente"},"content":{"rendered":"<!--themify_builder_content-->\n<div id=\"themify_builder_content-2341\" data-postid=\"2341\" class=\"themify_builder_content themify_builder_content-2341 themify_builder tf_clear\">\n                    <div  data-parallax-bg=\"desktop\" data-lazy=\"1\" class=\"module_row themify_builder_row tb_fvf9342 tb_first tf_w\">\n            <span class=\"builder_row_cover tf_abs\"><\/span>            <div class=\"row_inner col_align_top tb_col_count_1 tf_box tf_rel\">\n                        <div  data-lazy=\"1\" class=\"module_column tb-column col-full tb_sgm3342 first\">\n                    <!-- module text -->\n<div  class=\"module module-text tb_t6uc342\" data-lazy=\"1\">\n        <div  class=\"tb_text_wrap\">\n        <h1 style=\"margin-bottom: 0;\">Medio ambiente<\/h1>    <\/div>\n<\/div>\n<!-- \/module text -->        <\/div>\n                        <\/div>\n        <\/div>\n                        <div  data-lazy=\"1\" class=\"module_row themify_builder_row tb_865l200 tf_w\">\n                        <div class=\"row_inner col_align_top tb_col_count_2 tf_box tf_rel\">\n                        <div  data-lazy=\"1\" class=\"module_column tb-column col4-2 tb_6nbg200 first\">\n                    <!-- module text -->\n<div  class=\"module module-text tb_p08r741\" data-lazy=\"1\">\n        <div  class=\"tb_text_wrap\">\n        <p>Villalonga est\u00e1 enclavado en un entorno natural privilegiado en las faldas septentrionales de la Sierra de la Safor, con relieves monta\u00f1osos, barrancos y vegetaci\u00f3n mediterr\u00e1nea.<\/p>\n<p>Un reto principal de gesti\u00f3n es que m\u00e1s del 99 % del t\u00e9rmino municipal es propiedad privada, lo que complica las intervenciones forestales y de mantenimiento frente a efectos como incendios.<\/p>\n<p>El consistorio ha anunciado que empezar\u00e1 inspecciones forestales a partir de junio para promover el mantenimiento obligatorio de parcelas privadas por parte de los propietarios.<\/p>\n<p>Tambi\u00e9n se impulsa la v\u00eda verde de Serpis como medida de turismo sostenible y fomento de movilidad no motorizada.<\/p>    <\/div>\n<\/div>\n<!-- \/module text -->        <\/div>\n                    <div  data-lazy=\"1\" class=\"module_column tb-column col4-2 tb_dp30269 last\">\n                    <!-- module image -->\n<div  class=\"module module-image tb_a7yj14 image-top rounded drop-shadow  tf_mw\" data-lazy=\"1\">\n        <div class=\"image-wrap tf_rel tf_mw\">\n            <img loading=\"lazy\" decoding=\"async\" width=\"1600\" height=\"1200\" src=\"https:\/\/villalonga.es\/wp-content\/uploads\/2025\/10\/52333371Master.jpg\" class=\"wp-post-image wp-image-2438\" title=\"52333371Master\" alt=\"52333371Master\" srcset=\"https:\/\/villalonga.es\/wp-content\/uploads\/2025\/10\/52333371Master.jpg 1600w, https:\/\/villalonga.es\/wp-content\/uploads\/2025\/10\/52333371Master-300x225.jpg 300w, https:\/\/villalonga.es\/wp-content\/uploads\/2025\/10\/52333371Master-1024x768.jpg 1024w, https:\/\/villalonga.es\/wp-content\/uploads\/2025\/10\/52333371Master-768x576.jpg 768w, https:\/\/villalonga.es\/wp-content\/uploads\/2025\/10\/52333371Master-1536x1152.jpg 1536w, https:\/\/villalonga.es\/wp-content\/uploads\/2025\/10\/52333371Master-16x12.jpg 16w\" sizes=\"auto, (max-width: 1600px) 100vw, 1600px\" \/>    \n        <\/div>\n    <!-- \/image-wrap -->\n    \n        <\/div>\n<!-- \/module image -->        <\/div>\n                        <\/div>\n        <\/div>\n        <\/div>\n<!--\/themify_builder_content-->","protected":false},"excerpt":{"rendered":"<p>Medi ambient Villalonga est\u00e0 enclavat en un entorn natural privilegiat a les faldes septentrionals de la Serra de la Safor, amb relleus muntanyosos, barrancs i vegetaci\u00f3 mediterr\u00e0nia. Un repte principal de gesti\u00f3 \u00e9s que m\u00e9s del 99 % del terme municipal \u00e9s propietat privada, fet que complica les intervencions forestals i de manteniment davant d\u2019efectes [&hellip;]<\/p>\n","protected":false},"author":1,"featured_media":0,"parent":146,"menu_order":0,"comment_status":"closed","ping_status":"closed","template":"","meta":{"footnotes":""},"class_list":["post-2341","page","type-page","status-publish","hentry","has-post-title","has-post-date","has-post-category","has-post-tag","has-post-comment","has-post-author",""],"builder_content":"<h1 style=\"margin-bottom: 0;\">Medi ambient<\/h1>\n<p>Villalonga est\u00e0 enclavat en un entorn natural privilegiat a les faldes septentrionals de la Serra de la Safor, amb relleus muntanyosos, barrancs i vegetaci\u00f3 mediterr\u00e0nia.<\/p> <p>Un repte principal de gesti\u00f3 \u00e9s que m\u00e9s del 99 % del terme municipal \u00e9s propietat privada, fet que complica les intervencions forestals i de manteniment davant d\u2019efectes com incendis.<\/p> <p>El consistori ha anunciat que comen\u00e7ar\u00e0 inspeccions forestals a partir de juny per promoure el manteniment obligatori de parcel\u00b7les privades per part dels propietaris.<\/p> <p>Tamb\u00e9 s\u2019impulsa la via verda del Serpis com a mesura de turisme sostenible i foment de mobilitat no motoritzada.<\/p>\n<img src=\"https:\/\/villalonga.es\/wp-content\/uploads\/2025\/10\/52333371Master.jpg\" title=\"52333371Master\" alt=\"52333371Master\" srcset=\"https:\/\/villalonga.es\/wp-content\/uploads\/2025\/10\/52333371Master.jpg 1600w, https:\/\/villalonga.es\/wp-content\/uploads\/2025\/10\/52333371Master-300x225.jpg 300w, https:\/\/villalonga.es\/wp-content\/uploads\/2025\/10\/52333371Master-1024x768.jpg 1024w, https:\/\/villalonga.es\/wp-content\/uploads\/2025\/10\/52333371Master-768x576.jpg 768w, https:\/\/villalonga.es\/wp-content\/uploads\/2025\/10\/52333371Master-1536x1152.jpg 1536w, https:\/\/villalonga.es\/wp-content\/uploads\/2025\/10\/52333371Master-16x12.jpg 16w\" sizes=\"(max-width: 1600px) 100vw, 1600px\" \/>\n<img src=\"https:\/\/villalonga.es\/wp-content\/uploads\/2025\/08\/8063288master.jpg\" title=\"8063288master\" alt=\"8063288master\" srcset=\"https:\/\/villalonga.es\/wp-content\/uploads\/2025\/08\/8063288master.jpg 1600w, https:\/\/villalonga.es\/wp-content\/uploads\/2025\/08\/8063288master-300x201.jpg 300w, https:\/\/villalonga.es\/wp-content\/uploads\/2025\/08\/8063288master-1024x685.jpg 1024w, https:\/\/villalonga.es\/wp-content\/uploads\/2025\/08\/8063288master-768x514.jpg 768w, https:\/\/villalonga.es\/wp-content\/uploads\/2025\/08\/8063288master-1536x1028.jpg 1536w, https:\/\/villalonga.es\/wp-content\/uploads\/2025\/08\/8063288master-18x12.jpg 18w, https:\/\/villalonga.es\/wp-content\/uploads\/2025\/08\/8063288master-1024x685-450x300.jpg 450w\" sizes=\"(max-width: 1600px) 100vw, 1600px\" \/>\n<img src=\"https:\/\/villalonga.es\/wp-content\/uploads\/2025\/08\/536_sam_2803.jpg\" title=\"536_sam_2803\" alt=\"536_sam_2803\" srcset=\"https:\/\/villalonga.es\/wp-content\/uploads\/2025\/08\/536_sam_2803.jpg 670w, https:\/\/villalonga.es\/wp-content\/uploads\/2025\/08\/536_sam_2803-300x179.jpg 300w, https:\/\/villalonga.es\/wp-content\/uploads\/2025\/08\/536_sam_2803-18x12.jpg 18w\" sizes=\"(max-width: 670px) 100vw, 670px\" \/>\n<img src=\"https:\/\/villalonga.es\/wp-content\/uploads\/2025\/08\/fed06680-0747-4244-a91b-8ee300664948_16-9-aspect-ratio_default_0.jpg\" title=\"fed06680-0747-4244-a91b-8ee300664948_16-9-aspect-ratio_default_0\" alt=\"fed06680-0747-4244-a91b-8ee300664948_16-9-aspect-ratio_default_0\" srcset=\"https:\/\/villalonga.es\/wp-content\/uploads\/2025\/08\/fed06680-0747-4244-a91b-8ee300664948_16-9-aspect-ratio_default_0.jpg 880w, https:\/\/villalonga.es\/wp-content\/uploads\/2025\/08\/fed06680-0747-4244-a91b-8ee300664948_16-9-aspect-ratio_default_0-300x169.jpg 300w, https:\/\/villalonga.es\/wp-content\/uploads\/2025\/08\/fed06680-0747-4244-a91b-8ee300664948_16-9-aspect-ratio_default_0-768x432.jpg 768w, https:\/\/villalonga.es\/wp-content\/uploads\/2025\/08\/fed06680-0747-4244-a91b-8ee300664948_16-9-aspect-ratio_default_0-18x10.jpg 18w\" sizes=\"(max-width: 880px) 100vw, 880px\" \/>\n<img src=\"https:\/\/villalonga.es\/wp-content\/uploads\/2025\/08\/fed06680-0747-4244-a91b-8ee300664948_16-9-aspect-ratio_default_0.jpg\" title=\"fed06680-0747-4244-a91b-8ee300664948_16-9-aspect-ratio_default_0\" alt=\"fed06680-0747-4244-a91b-8ee300664948_16-9-aspect-ratio_default_0\" srcset=\"https:\/\/villalonga.es\/wp-content\/uploads\/2025\/08\/fed06680-0747-4244-a91b-8ee300664948_16-9-aspect-ratio_default_0.jpg 880w, https:\/\/villalonga.es\/wp-content\/uploads\/2025\/08\/fed06680-0747-4244-a91b-8ee300664948_16-9-aspect-ratio_default_0-300x169.jpg 300w, https:\/\/villalonga.es\/wp-content\/uploads\/2025\/08\/fed06680-0747-4244-a91b-8ee300664948_16-9-aspect-ratio_default_0-768x432.jpg 768w, https:\/\/villalonga.es\/wp-content\/uploads\/2025\/08\/fed06680-0747-4244-a91b-8ee300664948_16-9-aspect-ratio_default_0-18x10.jpg 18w\" sizes=\"(max-width: 880px) 100vw, 880px\" \/>\n<img src=\"https:\/\/villalonga.es\/wp-content\/uploads\/2025\/08\/536_sam_2803.jpg\" title=\"536_sam_2803\" alt=\"536_sam_2803\" srcset=\"https:\/\/villalonga.es\/wp-content\/uploads\/2025\/08\/536_sam_2803.jpg 670w, https:\/\/villalonga.es\/wp-content\/uploads\/2025\/08\/536_sam_2803-300x179.jpg 300w, https:\/\/villalonga.es\/wp-content\/uploads\/2025\/08\/536_sam_2803-18x12.jpg 18w\" sizes=\"(max-width: 670px) 100vw, 670px\" \/>\n<p data-start=\"1434\" data-end=\"2018\">Vestibulum vitae sapien condimentum, venenatis magna nec, tincidunt enim. Donec porttitor egestas lorem sed facilisis. Nullam a massa feugiat, blandit justo at, malesuada lectus. Cras sed luctus ligula. Pellentesque eu sem feugiat, imperdiet massa vitae, convallis magna. Sed efficitur lorem a urna feugiat, sed egestas libero tempor. Aliquam erat volutpat. Etiam convallis ex vitae velit rhoncus maximus. Sed convallis sem eu nibh porta, vel commodo eros feugiat. Integer et ipsum eget orci suscipit imperdiet vel id ipsum. Mauris vel dui gravida, eleifend nisl ac, vulputate erat.<\/p> <p data-start=\"2020\" data-end=\"2479\">Curabitur in vehicula tortor, sed efficitur velit. Vivamus at erat sed magna tempor dapibus. Nunc malesuada, lorem nec pretium commodo, risus sem condimentum nibh, in posuere justo orci et orci. Fusce sed vulputate leo, id varius justo. Proin id justo vitae urna condimentum elementum. Etiam ac velit in ligula luctus maximus. Nullam sed vestibulum nunc. Vivamus nec diam dui. Cras malesuada sagittis sem, eget mattis mi scelerisque non. Nulla nec risus ex.<\/p> <p data-start=\"2020\" data-end=\"2479\">Pellentesque non leo orci. Sed eget hendrerit metus, nec varius sapien. Sed a malesuada magna. Sed dapibus volutpat nibh, at facilisis libero feugiat ut. Mauris vestibulum nisl sed malesuada aliquet. Integer vitae ex nec neque finibus ullamcorper. Integer id feugiat eros. Duis aliquet lorem nec neque vestibulum, nec posuere nisl fermentum. Sed finibus mauris a risus porta, sit amet hendrerit velit pharetra. Suspendisse malesuada lacinia sem, vitae tristique sem faucibus eget.<\/p>\n<p>Ja en el <strong>vuit-cents<\/strong>, molts <strong>llauradors endeutats<\/strong> es veien obligats a vendre les seues terres als <strong>burgesos terratinents<\/strong> que estaven interessats a plantar <strong>ra\u00efm moscatell<\/strong> i <strong>arr\u00f2s<\/strong> davant les expectatives de negoci d'estos cultius. La major propiet\u00e0ria del poble fins a l'any <strong>1850<\/strong> era la <strong>v\u00eddua de Josep Rausell de Gandia<\/strong>. Els <strong>procuradors<\/strong> d'estos terratinents tenien una pres\u00e8ncia destacada en la <strong>vida pol\u00edtica i social<\/strong> de Guardamar entre el <strong>segle XIX<\/strong> i el <strong>XX<\/strong>, com la fam\u00edlia <strong>Santmateu<\/strong> o <strong>Poquet<\/strong>. Una filla del <strong>marqu\u00e8s<\/strong> casada amb <strong>Frederic Tr\u00e8nor<\/strong>, el senyor del convent de <strong>Sant Jer\u00f2nim<\/strong>, heretava tots els b\u00e9ns del seu pare a Guardamar de la Safor. Durant el per\u00edode de <strong>II Rep\u00fablica<\/strong>, al poble funcionaren fins a <strong>tres tavernes<\/strong> i van haver diferents projectes per edificar una nova <strong>escola<\/strong> aix\u00ed com per a millorar l'<strong>assist\u00e8ncia sanit\u00e0ria<\/strong> i la <strong>salubritat urbana<\/strong>. Fins al final de la d\u00e8cada dels <strong>60<\/strong> va funcionar l'<strong>escola de prim\u00e0ria<\/strong> i els estudiants van haver de ser escolaritzats a <strong>Daim\u00fas<\/strong>. Guardamar ha comen\u00e7at l'<strong>explotaci\u00f3 tur\u00edstica<\/strong> de la seua <strong>platja<\/strong> molt tard, a partir de la d\u00e8cada dels anys <strong>90<\/strong> del <strong>segle XX<\/strong>.<\/p> <p>Algun dels <strong>edificis singulars<\/strong> del poble s\u00f3n la <strong>casa senyorial dels Tamarits<\/strong>, algunes <strong>antigues alqueries rurals<\/strong> i l'<strong>esgl\u00e9sia de Sant Joan Baptista<\/strong> que comparteix el patronatge de la poblaci\u00f3 amb la <strong>Nostra Senyora de la Llet<\/strong>. L'esgl\u00e9sia es troba annexa a la <strong>parr\u00f2quia de Miramar<\/strong> des de <strong>1535<\/strong>. L'<strong>arxiu municipal<\/strong> conserva les <strong>actes<\/strong> des de <strong>1828<\/strong> i la <strong>comptabilitat<\/strong> des de l'any <strong>1880<\/strong>.<\/p>\n<p>Cras et sem libero.<\/p>","_links":{"self":[{"href":"https:\/\/villalonga.es\/es\/wp-json\/wp\/v2\/pages\/2341","targetHints":{"allow":["GET"]}}],"collection":[{"href":"https:\/\/villalonga.es\/es\/wp-json\/wp\/v2\/pages"}],"about":[{"href":"https:\/\/villalonga.es\/es\/wp-json\/wp\/v2\/types\/page"}],"author":[{"embeddable":true,"href":"https:\/\/villalonga.es\/es\/wp-json\/wp\/v2\/users\/1"}],"replies":[{"embeddable":true,"href":"https:\/\/villalonga.es\/es\/wp-json\/wp\/v2\/comments?post=2341"}],"version-history":[{"count":7,"href":"https:\/\/villalonga.es\/es\/wp-json\/wp\/v2\/pages\/2341\/revisions"}],"predecessor-version":[{"id":2556,"href":"https:\/\/villalonga.es\/es\/wp-json\/wp\/v2\/pages\/2341\/revisions\/2556"}],"up":[{"embeddable":true,"href":"https:\/\/villalonga.es\/es\/wp-json\/wp\/v2\/pages\/146"}],"wp:attachment":[{"href":"https:\/\/villalonga.es\/es\/wp-json\/wp\/v2\/media?parent=2341"}],"curies":[{"name":"wp","href":"https:\/\/api.w.org\/{rel}","templated":true}]}}