{"id":146,"date":"2024-08-12T19:59:40","date_gmt":"2024-08-12T19:59:40","guid":{"rendered":"https:\/\/ayto5.accesia.info\/?page_id=146"},"modified":"2025-10-08T18:43:10","modified_gmt":"2025-10-08T18:43:10","slug":"poble","status":"publish","type":"page","link":"https:\/\/villalonga.es\/es\/poble\/","title":{"rendered":"Pueblo"},"content":{"rendered":"<!--themify_builder_content-->\n<div id=\"themify_builder_content-146\" data-postid=\"146\" class=\"themify_builder_content themify_builder_content-146 themify_builder tf_clear\">\n                    <div  data-parallax-bg=\"desktop\" data-lazy=\"1\" class=\"module_row themify_builder_row tb_fe58c64 tb_first tf_w\">\n            <span class=\"builder_row_cover tf_abs\"><\/span>            <div class=\"row_inner col_align_top tb_col_count_1 tf_box tf_rel\">\n                        <div  data-lazy=\"1\" class=\"module_column tb-column col-full tb_bb1b33d first\">\n                    <!-- module text -->\n<div  class=\"module module-text tb_2c0aaca   \" data-lazy=\"1\">\n        <div  class=\"tb_text_wrap\">\n        <h1 style=\"margin-bottom: 0;\">Poble<\/h1>    <\/div>\n<\/div>\n<!-- \/module text -->        <\/div>\n                        <\/div>\n        <\/div>\n                        <div  data-desktop-padding=\"5%,5%\" data-css_id=\"cn7r279\" data-lazy=\"1\" class=\"module_row themify_builder_row fullwidth_row_container tb_cn7r279 tf_w\">\n                        <div class=\"row_inner col_align_top tb_col_count_3 tf_box tf_rel\">\n                        <div  data-lazy=\"1\" class=\"module_column tb-column col3-1 tb_mi6a279 first\">\n                    <!-- module feature -->\n<div  class=\"module module-feature tb_ryg1279 with-chart layout-icon-left size-small  wow\" data-tf-animation=\"zoomIn\" data-layout-mobile=\"icon-left\" data-layout-desktop=\"icon-left\" data-lazy=\"1\">\n        <div class=\"module-feature-image tf_textc tf_rel\">\n                            <a href=\"https:\/\/villalonga.es\/poble\/turisme\/\">\n                        <span class=\"module-feature-chart-html5 tf_box tf_rel tf_inline_b\">\n                                    <svg class=\"tf_abs tf_w tf_h\">\n                    <circle class=\"tb_feature_fill\" r=\"calc(50% - 2.00px)\" cx=\"50%\" cy=\"50%\" stroke-width=\"4\"\/>\n                    <circle class=\"tb_feature_stroke\" r=\"calc(50% - 2.00px)\" cx=\"50%\" cy=\"50%\" stroke=\"#2c5d36\" stroke-width=\"4\" data-progress=\"100\" stroke-dasharray=\"0,10000\"\/>\n                                        <\/svg>\n                                <span class=\"chart-html5-circle tf_w tf_h\">\n                                            <em class=\"module-feature-icon tf_rel\" style=\"color:#2c5d36\"><svg  class=\"tf_fa tf-fas-person-walking-luggage\" aria-hidden=\"true\"><use href=\"#tf-fas-person-walking-luggage\"><\/use><\/svg><\/em>\n                                    <\/span>\n\n                \n            <\/span>\n                        <\/a>\n            <\/div>\n    <div class=\"module-feature-content tf_textc\">\n                    <h3 class=\"module-feature-title\">\n                            <a href=\"https:\/\/villalonga.es\/poble\/turisme\/\">Turismo<\/a>\n                        <\/h3>\n                    <div class=\"tb_text_wrap\">\n            <p data-start=\"44\" data-end=\"118\">Atractivos y servicios para visitar Villalonga.<\/p>        <\/div>\n    <\/div>\n<\/div>\n<!-- \/module feature -->\n        <\/div>\n                    <div  data-lazy=\"1\" class=\"module_column tb-column col3-1 tb_3dq4279\">\n                    <!-- module feature -->\n<div  class=\"module module-feature tb_sj6t279 with-chart layout-icon-left size-small  wow\" data-tf-animation=\"zoomIn\" data-layout-mobile=\"icon-left\" data-layout-desktop=\"icon-left\" data-lazy=\"1\">\n        <div class=\"module-feature-image tf_textc tf_rel\">\n                            <a href=\"https:\/\/villalonga.es\/poble\/historia-del-municipi\/\">\n                        <span class=\"module-feature-chart-html5 tf_box tf_rel tf_inline_b\">\n                                    <svg class=\"tf_abs tf_w tf_h\">\n                    <circle class=\"tb_feature_fill\" r=\"calc(50% - 2.00px)\" cx=\"50%\" cy=\"50%\" stroke-width=\"4\"\/>\n                    <circle class=\"tb_feature_stroke\" r=\"calc(50% - 2.00px)\" cx=\"50%\" cy=\"50%\" stroke=\"#2c5d36\" stroke-width=\"4\" data-progress=\"100\" stroke-dasharray=\"0,10000\"\/>\n                                        <\/svg>\n                                <span class=\"chart-html5-circle tf_w tf_h\">\n                                            <em class=\"module-feature-icon tf_rel\" style=\"color:#2c5d36\"><svg  class=\"tf_fa tf-fas-history\" aria-hidden=\"true\"><use href=\"#tf-fas-history\"><\/use><\/svg><\/em>\n                                    <\/span>\n\n                \n            <\/span>\n                        <\/a>\n            <\/div>\n    <div class=\"module-feature-content tf_textc\">\n                    <h3 class=\"module-feature-title\">\n                            <a href=\"https:\/\/villalonga.es\/poble\/historia-del-municipi\/\">Hist\u00f2ria del municipi<\/a>\n                        <\/h3>\n                    <div class=\"tb_text_wrap\">\n            <p data-start=\"120\" data-end=\"218\">Resum sobre el patrimoni i l&#8217;hist\u00f2ria de Villalonga.<\/p>        <\/div>\n    <\/div>\n<\/div>\n<!-- \/module feature -->\n        <\/div>\n                    <div  data-lazy=\"1\" class=\"module_column tb-column col3-1 tb_05o0275 last\">\n                    <!-- module feature -->\n<div  class=\"module module-feature tb_oa7s575 with-chart layout-icon-left size-small  wow\" data-tf-animation=\"zoomIn\" data-layout-mobile=\"icon-left\" data-layout-desktop=\"icon-left\" data-lazy=\"1\">\n        <div class=\"module-feature-image tf_textc tf_rel\">\n                            <a href=\"https:\/\/villalonga.es\/poble\/cultura\/\">\n                        <span class=\"module-feature-chart-html5 tf_box tf_rel tf_inline_b\">\n                                    <svg class=\"tf_abs tf_w tf_h\">\n                    <circle class=\"tb_feature_fill\" r=\"calc(50% - 2.00px)\" cx=\"50%\" cy=\"50%\" stroke-width=\"4\"\/>\n                    <circle class=\"tb_feature_stroke\" r=\"calc(50% - 2.00px)\" cx=\"50%\" cy=\"50%\" stroke=\"#2c5d36\" stroke-width=\"4\" data-progress=\"100\" stroke-dasharray=\"0,10000\"\/>\n                                        <\/svg>\n                                <span class=\"chart-html5-circle tf_w tf_h\">\n                                            <em class=\"module-feature-icon tf_rel\" style=\"color:#2c5d36\"><svg  class=\"tf_fa tf-fas-map-location-dot\" aria-hidden=\"true\"><use href=\"#tf-fas-map-location-dot\"><\/use><\/svg><\/em>\n                                    <\/span>\n\n                \n            <\/span>\n                        <\/a>\n            <\/div>\n    <div class=\"module-feature-content tf_textc\">\n                    <h3 class=\"module-feature-title\">\n                            <a href=\"https:\/\/villalonga.es\/poble\/cultura\/\">Cultura<\/a>\n                        <\/h3>\n                    <div class=\"tb_text_wrap\">\n            <p data-start=\"220\" data-end=\"307\">Tota la informaci\u00f3 sobre la cultura i patrimoni del poble.<\/p>        <\/div>\n    <\/div>\n<\/div>\n<!-- \/module feature -->\n        <\/div>\n                        <\/div>\n        <\/div>\n                        <div  data-lazy=\"1\" class=\"module_row themify_builder_row tb_yz7c575 tf_w\">\n                        <div class=\"row_inner col_align_top tb_col_count_3 tf_box tf_rel\">\n                        <div  data-lazy=\"1\" class=\"module_column tb-column col3-1 tb_2mo0575 first\">\n                    <!-- module feature -->\n<div  class=\"module module-feature tb_c217783 with-chart layout-icon-left size-small  wow\" data-tf-animation=\"zoomIn\" data-layout-mobile=\"icon-left\" data-layout-desktop=\"icon-left\" data-lazy=\"1\">\n        <div class=\"module-feature-image tf_textc tf_rel\">\n                            <a href=\"https:\/\/www.aemet.es\/es\/eltiempo\/prediccion\/municipios\/vilallonga-villalonga-id46255\" target=\"_blank\" rel=\"noopener\" aria-label=\"L&#039;oratge\">\n                        <span class=\"module-feature-chart-html5 tf_box tf_rel tf_inline_b\">\n                                    <svg class=\"tf_abs tf_w tf_h\">\n                    <circle class=\"tb_feature_fill\" r=\"calc(50% - 2.00px)\" cx=\"50%\" cy=\"50%\" stroke-width=\"4\"\/>\n                    <circle class=\"tb_feature_stroke\" r=\"calc(50% - 2.00px)\" cx=\"50%\" cy=\"50%\" stroke=\"#2c5d36\" stroke-width=\"4\" data-progress=\"100\" stroke-dasharray=\"0,10000\"\/>\n                                        <\/svg>\n                                <span class=\"chart-html5-circle tf_w tf_h\">\n                                            <em class=\"module-feature-icon tf_rel\" style=\"color:#2c5d36\"><svg  class=\"tf_fa tf-fas-cloud-sun\" aria-hidden=\"true\"><use href=\"#tf-fas-cloud-sun\"><\/use><\/svg><\/em>\n                                    <\/span>\n\n                \n            <\/span>\n                        <\/a>\n            <\/div>\n    <div class=\"module-feature-content tf_textc\">\n                    <h3 class=\"module-feature-title\">\n                            <a href=\"https:\/\/www.aemet.es\/es\/eltiempo\/prediccion\/municipios\/vilallonga-villalonga-id46255\" target=\"_blank\" rel=\"noopener\" aria-label=\"L&#039;oratge\">L'oratge<\/a>\n                        <\/h3>\n                    <div class=\"tb_text_wrap\">\n            <article class=\"text-token-text-primary w-full focus:outline-none scroll-mt-[calc(var(--header-height)+min(200px,max(70px,20svh)))]\" dir=\"auto\" tabindex=\"-1\" data-turn-id=\"request-WEB:7b424e7b-caff-4d60-873b-7bcd418a2d6a-39\" data-testid=\"conversation-turn-20\" data-scroll-anchor=\"true\" data-turn=\"assistant\">\n<div class=\"text-base my-auto mx-auto pb-10 [--thread-content-margin:--spacing(4)] @[37rem]:[--thread-content-margin:--spacing(6)] @[72rem]:[--thread-content-margin:--spacing(16)] px-(--thread-content-margin)\">\n<div class=\"[--thread-content-max-width:32rem] @[34rem]:[--thread-content-max-width:40rem] @[64rem]:[--thread-content-max-width:48rem] mx-auto max-w-(--thread-content-max-width) flex-1 group\/turn-messages focus-visible:outline-hidden relative flex w-full min-w-0 flex-col agent-turn\" tabindex=\"-1\">\n<div class=\"flex max-w-full flex-col grow\">\n<div class=\"min-h-8 text-message relative flex w-full flex-col items-end gap-2 text-start break-words whitespace-normal [.text-message+&amp;]:mt-5\" dir=\"auto\" data-message-author-role=\"assistant\" data-message-id=\"2ebf5f44-5100-4616-91a7-3b87378e58c4\" data-message-model-slug=\"gpt-5\">\n<div class=\"flex w-full flex-col gap-1 empty:hidden first:pt-[3px]\">\n<div class=\"markdown prose dark:prose-invert w-full break-words light markdown-new-styling\">\n<p data-start=\"309\" data-end=\"388\" data-is-last-node=\"\" data-is-only-node=\"\">Informaci\u00f3 actualitzada sobre les condicions meteorol\u00f2giques.<\/p>\n<\/div>\n<\/div>\n<\/div>\n<\/div>\n<\/div>\n<\/div>\n<\/article>        <\/div>\n    <\/div>\n<\/div>\n<!-- \/module feature -->\n        <\/div>\n                    <div  data-lazy=\"1\" class=\"module_column tb-column col3-1 tb_jumo575\">\n                    <!-- module feature -->\n<div  class=\"module module-feature tb_ufym498 with-chart layout-icon-left size-small  wow\" data-tf-animation=\"zoomIn\" data-layout-mobile=\"icon-left\" data-layout-desktop=\"icon-left\" data-lazy=\"1\">\n        <div class=\"module-feature-image tf_textc tf_rel\">\n                            <a href=\"https:\/\/villalonga.es\/poble\/festes\/\">\n                        <span class=\"module-feature-chart-html5 tf_box tf_rel tf_inline_b\">\n                                    <svg class=\"tf_abs tf_w tf_h\">\n                    <circle class=\"tb_feature_fill\" r=\"calc(50% - 2.00px)\" cx=\"50%\" cy=\"50%\" stroke-width=\"4\"\/>\n                    <circle class=\"tb_feature_stroke\" r=\"calc(50% - 2.00px)\" cx=\"50%\" cy=\"50%\" stroke=\"#2c5d36\" stroke-width=\"4\" data-progress=\"100\" stroke-dasharray=\"0,10000\"\/>\n                                        <\/svg>\n                                <span class=\"chart-html5-circle tf_w tf_h\">\n                                            <em class=\"module-feature-icon tf_rel\" style=\"color:#2c5d36\"><svg  class=\"tf_fa tf-fas-theater-masks\" aria-hidden=\"true\"><use href=\"#tf-fas-theater-masks\"><\/use><\/svg><\/em>\n                                    <\/span>\n\n                \n            <\/span>\n                        <\/a>\n            <\/div>\n    <div class=\"module-feature-content tf_textc\">\n                    <h3 class=\"module-feature-title\">\n                            <a href=\"https:\/\/villalonga.es\/poble\/festes\/\">Festes<\/a>\n                        <\/h3>\n                    <div class=\"tb_text_wrap\">\n            <article class=\"text-token-text-primary w-full focus:outline-none scroll-mt-[calc(var(--header-height)+min(200px,max(70px,20svh)))]\" dir=\"auto\" tabindex=\"-1\" data-turn-id=\"request-WEB:7b424e7b-caff-4d60-873b-7bcd418a2d6a-39\" data-testid=\"conversation-turn-20\" data-scroll-anchor=\"true\" data-turn=\"assistant\">\n<div class=\"text-base my-auto mx-auto pb-10 [--thread-content-margin:--spacing(4)] @[37rem]:[--thread-content-margin:--spacing(6)] @[72rem]:[--thread-content-margin:--spacing(16)] px-(--thread-content-margin)\">\n<div class=\"[--thread-content-max-width:32rem] @[34rem]:[--thread-content-max-width:40rem] @[64rem]:[--thread-content-max-width:48rem] mx-auto max-w-(--thread-content-max-width) flex-1 group\/turn-messages focus-visible:outline-hidden relative flex w-full min-w-0 flex-col agent-turn\" tabindex=\"-1\">\n<div class=\"flex max-w-full flex-col grow\">\n<div class=\"min-h-8 text-message relative flex w-full flex-col items-end gap-2 text-start break-words whitespace-normal [.text-message+&amp;]:mt-5\" dir=\"auto\" data-message-author-role=\"assistant\" data-message-id=\"2ebf5f44-5100-4616-91a7-3b87378e58c4\" data-message-model-slug=\"gpt-5\">\n<div class=\"flex w-full flex-col gap-1 empty:hidden first:pt-[3px]\">\n<div class=\"markdown prose dark:prose-invert w-full break-words light markdown-new-styling\">\n<p data-start=\"309\" data-end=\"388\" data-is-last-node=\"\" data-is-only-node=\"\">Informaci\u00f3 sobre les festes del municipi.<\/p>\n<\/div>\n<\/div>\n<\/div>\n<\/div>\n<\/div>\n<\/div>\n<\/article>        <\/div>\n    <\/div>\n<\/div>\n<!-- \/module feature -->\n        <\/div>\n                    <div  data-lazy=\"1\" class=\"module_column tb-column col3-1 tb_kp92462 last\">\n                    <!-- module feature -->\n<div  class=\"module module-feature tb_zi9b162 with-chart layout-icon-left size-small  wow\" data-tf-animation=\"zoomIn\" data-layout-mobile=\"icon-left\" data-layout-desktop=\"icon-left\" data-lazy=\"1\">\n        <div class=\"module-feature-image tf_textc tf_rel\">\n                            <a href=\"https:\/\/villalonga.es\/poble\/medi-ambient\/\">\n                        <span class=\"module-feature-chart-html5 tf_box tf_rel tf_inline_b\">\n                                    <svg class=\"tf_abs tf_w tf_h\">\n                    <circle class=\"tb_feature_fill\" r=\"calc(50% - 2.00px)\" cx=\"50%\" cy=\"50%\" stroke-width=\"4\"\/>\n                    <circle class=\"tb_feature_stroke\" r=\"calc(50% - 2.00px)\" cx=\"50%\" cy=\"50%\" stroke=\"#2c5d36\" stroke-width=\"4\" data-progress=\"100\" stroke-dasharray=\"0,10000\"\/>\n                                        <\/svg>\n                                <span class=\"chart-html5-circle tf_w tf_h\">\n                                            <em class=\"module-feature-icon tf_rel\" style=\"color:#000\"><svg  class=\"tf_fa tf-fas-sun-plant-wilt\" aria-hidden=\"true\"><use href=\"#tf-fas-sun-plant-wilt\"><\/use><\/svg><\/em>\n                                    <\/span>\n\n                \n            <\/span>\n                        <\/a>\n            <\/div>\n    <div class=\"module-feature-content tf_textc\">\n                    <h3 class=\"module-feature-title\">\n                            <a href=\"https:\/\/villalonga.es\/poble\/medi-ambient\/\">Medi ambient<\/a>\n                        <\/h3>\n                    <div class=\"tb_text_wrap\">\n            <p>Iniciatives per a la protecci\u00f3 i sostenibilitat del medi ambient<\/p>        <\/div>\n    <\/div>\n<\/div>\n<!-- \/module feature -->\n        <\/div>\n                        <\/div>\n        <\/div>\n        <\/div>\n<!--\/themify_builder_content-->","protected":false},"excerpt":{"rendered":"<p>Poble Turismo Atractivos y servicios para visitar Villalonga. Hist\u00f2ria del municipi Resum sobre el patrimoni i l&#8217;hist\u00f2ria de Villalonga. Cultura Tota la informaci\u00f3 sobre la cultura i patrimoni del poble. L&#8217;oratge Informaci\u00f3 actualitzada sobre les condicions meteorol\u00f2giques. Festes Informaci\u00f3 sobre les festes del municipi. Medi ambient Iniciatives per a la protecci\u00f3 i sostenibilitat del medi [&hellip;]<\/p>\n","protected":false},"author":1,"featured_media":0,"parent":0,"menu_order":0,"comment_status":"closed","ping_status":"closed","template":"","meta":{"footnotes":""},"class_list":["post-146","page","type-page","status-publish","hentry","has-post-title","has-post-date","has-post-category","has-post-tag","has-post-comment","has-post-author",""],"builder_content":"<h1 style=\"margin-bottom: 0;\">Poble<\/h1>\n<a href=\"https:\/\/villalonga.es\/poble\/turisme\/\"> <svg> <circle r=\"calc(50% - 2.00px)\" cx=\"50%\" cy=\"50%\" stroke-width=\"4\"\/> <circle r=\"calc(50% - 2.00px)\" cx=\"50%\" cy=\"50%\" stroke=\"#2c5d36\" stroke-width=\"4\" data-progress=\"100\" stroke-dasharray=\"0,10000\"\/> <\/svg> <em style=\"color:#2c5d36\"><svg aria-hidden=\"true\"><use href=\"#tf-fas-person-walking-luggage\"><\/use><\/svg><\/em> \n <\/a> <h3> <a href=\"https:\/\/villalonga.es\/poble\/turisme\/\">Turismo<\/a> <\/h3> <p data-start=\"44\" data-end=\"118\">Atractivos y servicios para visitar Villalonga.<\/p>\n<a href=\"https:\/\/villalonga.es\/poble\/historia-del-municipi\/\"> <svg> <circle r=\"calc(50% - 2.00px)\" cx=\"50%\" cy=\"50%\" stroke-width=\"4\"\/> <circle r=\"calc(50% - 2.00px)\" cx=\"50%\" cy=\"50%\" stroke=\"#2c5d36\" stroke-width=\"4\" data-progress=\"100\" stroke-dasharray=\"0,10000\"\/> <\/svg> <em style=\"color:#2c5d36\"><svg aria-hidden=\"true\"><use href=\"#tf-fas-history\"><\/use><\/svg><\/em> \n <\/a> <h3> <a href=\"https:\/\/villalonga.es\/poble\/historia-del-municipi\/\">Hist\u00f2ria del municipi<\/a> <\/h3> <p data-start=\"120\" data-end=\"218\">Resum sobre el patrimoni i l'hist\u00f2ria de Villalonga.<\/p>\n<a href=\"https:\/\/villalonga.es\/poble\/cultura\/\"> <svg> <circle r=\"calc(50% - 2.00px)\" cx=\"50%\" cy=\"50%\" stroke-width=\"4\"\/> <circle r=\"calc(50% - 2.00px)\" cx=\"50%\" cy=\"50%\" stroke=\"#2c5d36\" stroke-width=\"4\" data-progress=\"100\" stroke-dasharray=\"0,10000\"\/> <\/svg> <em style=\"color:#2c5d36\"><svg aria-hidden=\"true\"><use href=\"#tf-fas-map-location-dot\"><\/use><\/svg><\/em> \n <\/a> <h3> <a href=\"https:\/\/villalonga.es\/poble\/cultura\/\">Cultura<\/a> <\/h3> <p data-start=\"220\" data-end=\"307\">Tota la informaci\u00f3 sobre la cultura i patrimoni del poble.<\/p>\n<a href=\"https:\/\/www.aemet.es\/es\/eltiempo\/prediccion\/municipios\/vilallonga-villalonga-id46255\" target=\"_blank\" rel=\"noopener\" aria-label=\"L&#039;oratge\"> <svg> <circle r=\"calc(50% - 2.00px)\" cx=\"50%\" cy=\"50%\" stroke-width=\"4\"\/> <circle r=\"calc(50% - 2.00px)\" cx=\"50%\" cy=\"50%\" stroke=\"#2c5d36\" stroke-width=\"4\" data-progress=\"100\" stroke-dasharray=\"0,10000\"\/> <\/svg> <em style=\"color:#2c5d36\"><svg aria-hidden=\"true\"><use href=\"#tf-fas-cloud-sun\"><\/use><\/svg><\/em> \n <\/a> <h3> <a href=\"https:\/\/www.aemet.es\/es\/eltiempo\/prediccion\/municipios\/vilallonga-villalonga-id46255\" target=\"_blank\" rel=\"noopener\" aria-label=\"L&#039;oratge\">L'oratge<\/a> <\/h3> <article dir=\"auto\" tabindex=\"-1\" data-turn-id=\"request-WEB:7b424e7b-caff-4d60-873b-7bcd418a2d6a-39\" data-testid=\"conversation-turn-20\" data-scroll-anchor=\"true\" data-turn=\"assistant\">\n<p data-start=\"309\" data-end=\"388\" data-is-last-node=\"\" data-is-only-node=\"\">Informaci\u00f3 actualitzada sobre les condicions meteorol\u00f2giques.<\/p>\n<\/article>\n<a href=\"https:\/\/villalonga.es\/poble\/festes\/\"> <svg> <circle r=\"calc(50% - 2.00px)\" cx=\"50%\" cy=\"50%\" stroke-width=\"4\"\/> <circle r=\"calc(50% - 2.00px)\" cx=\"50%\" cy=\"50%\" stroke=\"#2c5d36\" stroke-width=\"4\" data-progress=\"100\" stroke-dasharray=\"0,10000\"\/> <\/svg> <em style=\"color:#2c5d36\"><svg aria-hidden=\"true\"><use href=\"#tf-fas-theater-masks\"><\/use><\/svg><\/em> \n <\/a> <h3> <a href=\"https:\/\/villalonga.es\/poble\/festes\/\">Festes<\/a> <\/h3> <article dir=\"auto\" tabindex=\"-1\" data-turn-id=\"request-WEB:7b424e7b-caff-4d60-873b-7bcd418a2d6a-39\" data-testid=\"conversation-turn-20\" data-scroll-anchor=\"true\" data-turn=\"assistant\">\n<p data-start=\"309\" data-end=\"388\" data-is-last-node=\"\" data-is-only-node=\"\">Informaci\u00f3 sobre les festes del municipi.<\/p>\n<\/article>\n<a href=\"https:\/\/villalonga.es\/poble\/medi-ambient\/\"> <svg> <circle r=\"calc(50% - 2.00px)\" cx=\"50%\" cy=\"50%\" stroke-width=\"4\"\/> <circle r=\"calc(50% - 2.00px)\" cx=\"50%\" cy=\"50%\" stroke=\"#2c5d36\" stroke-width=\"4\" data-progress=\"100\" stroke-dasharray=\"0,10000\"\/> <\/svg> <em style=\"color:#000\"><svg aria-hidden=\"true\"><use href=\"#tf-fas-sun-plant-wilt\"><\/use><\/svg><\/em> \n <\/a> <h3> <a href=\"https:\/\/villalonga.es\/poble\/medi-ambient\/\">Medi ambient<\/a> <\/h3> <p>Iniciatives per a la protecci\u00f3 i sostenibilitat del medi ambient<\/p>","_links":{"self":[{"href":"https:\/\/villalonga.es\/es\/wp-json\/wp\/v2\/pages\/146","targetHints":{"allow":["GET"]}}],"collection":[{"href":"https:\/\/villalonga.es\/es\/wp-json\/wp\/v2\/pages"}],"about":[{"href":"https:\/\/villalonga.es\/es\/wp-json\/wp\/v2\/types\/page"}],"author":[{"embeddable":true,"href":"https:\/\/villalonga.es\/es\/wp-json\/wp\/v2\/users\/1"}],"replies":[{"embeddable":true,"href":"https:\/\/villalonga.es\/es\/wp-json\/wp\/v2\/comments?post=146"}],"version-history":[{"count":53,"href":"https:\/\/villalonga.es\/es\/wp-json\/wp\/v2\/pages\/146\/revisions"}],"predecessor-version":[{"id":2550,"href":"https:\/\/villalonga.es\/es\/wp-json\/wp\/v2\/pages\/146\/revisions\/2550"}],"wp:attachment":[{"href":"https:\/\/villalonga.es\/es\/wp-json\/wp\/v2\/media?parent=146"}],"curies":[{"name":"wp","href":"https:\/\/api.w.org\/{rel}","templated":true}]}}