{"id":630,"date":"2024-09-24T16:50:00","date_gmt":"2024-09-24T16:50:00","guid":{"rendered":"https:\/\/ayto5.accesia.info\/?page_id=630"},"modified":"2025-10-08T18:43:43","modified_gmt":"2025-10-08T18:43:43","slug":"turisme","status":"publish","type":"page","link":"https:\/\/villalonga.es\/en\/poble\/turisme\/","title":{"rendered":"Tourism"},"content":{"rendered":"<!--themify_builder_content-->\n<div id=\"themify_builder_content-630\" data-postid=\"630\" class=\"themify_builder_content themify_builder_content-630 themify_builder tf_clear\">\n                    <div  data-parallax-bg=\"desktop\" data-lazy=\"1\" class=\"module_row themify_builder_row tb_d0bb874 tb_first tf_w\">\n            <span class=\"builder_row_cover tf_abs\"><\/span>            <div class=\"row_inner col_align_top tb_col_count_1 tf_box tf_rel\">\n                        <div  data-lazy=\"1\" class=\"module_column tb-column col-full tb_1f4s874 first\">\n                    <!-- module text -->\n<div  class=\"module module-text tb_3c19874\" data-lazy=\"1\">\n        <div  class=\"tb_text_wrap\">\n        <h1 style=\"margin-bottom: 0;\">Tourism<\/h1>    <\/div>\n<\/div>\n<!-- \/module text -->        <\/div>\n                        <\/div>\n        <\/div>\n                        <div  data-lazy=\"1\" class=\"module_row themify_builder_row tb_865l200 tf_w\">\n                        <div class=\"row_inner col_align_top tb_col_count_1 tf_box tf_rel\">\n                        <div  data-lazy=\"1\" class=\"module_column tb-column col-full tb_6nbg200 first\">\n                    <!-- module text -->\n<div  class=\"module module-text tb_p08r741\" data-lazy=\"1\">\n        <div  class=\"tb_text_wrap\">\n        <p style=\"margin-top: 13px; margin-bottom: 13px; font-family: 'Open Sans', sans-serif; color: #000000; font-size: 18px; text-align: center;\"><span style=\"color: #2c5d36;\"><strong><span style=\"font-size: 18pt;\">Small town but with a lot of charm.<\/span><\/strong><\/span><\/p>\n<p style=\"margin-top: 13px; margin-bottom: 13px; text-align: center;\">Below you can see an interactive viewer with the municipality&#039;s heritage and natural resources:<\/p>    <\/div>\n<\/div>\n<!-- \/module text --><!-- module plain text -->\n<div  class=\"module module-plain-text tb_nw4h964\" data-lazy=\"1\">\n        <div class=\"tb_text_wrap\">\n    <iframe loading=\"lazy\" src=\"https:\/\/s360.dielmo.com\/2024\/mirador_vilallonga\/index.htm\" \n        width=\"100%\" \n        height=\"600\" \n        style=\"border:1px solid #ccc;\">\n<\/iframe>\n    <\/div>\n<\/div>\n<!-- \/module plain text -->        <div  data-lazy=\"1\" class=\"module_subrow themify_builder_sub_row tf_w col_align_top tb_col_count_1 tb_lvpt182\">\n                <div  data-lazy=\"1\" class=\"module_column sub_column col-full tb_w4sy182 first\">\n                    <!-- module text -->\n<div  class=\"module module-text tb_be4k747\" data-lazy=\"1\">\n        <div  class=\"tb_text_wrap\">\n        <div id=\"sl23977_bg\" class=\"sl_bg\" data-name=\"\" data-id=\"23977\">\n<div id=\"sl23977\" class=\"sl\">\n<div class=\"fila\">\n<div class=\"c-12\">\n<div id=\"ce36483_bg\" class=\"ce_bg\">\n<div id=\"ce36483_bg2\" class=\"ce_bg2\">\n<div id=\"ce36483\" class=\"ce\">\n<div class=\"txt\">\n<h3>What to visit and what to do<\/h3>\n<\/div>\n<\/div>\n<\/div>\n<\/div>\n<\/div>\n<\/div>\n<\/div>\n<\/div>    <\/div>\n<\/div>\n<!-- \/module text -->        <\/div>\n                    <\/div>\n                <div  data-lazy=\"1\" class=\"module_subrow themify_builder_sub_row tf_w col_align_top tb_col_count_2 tb_itn3336\">\n                <div  data-lazy=\"1\" class=\"module_column sub_column col4-2 tb_x8rb336 first\">\n                    <!-- module text -->\n<div  class=\"module module-text tb_jtcs336\" data-lazy=\"1\">\n        <div  class=\"tb_text_wrap\">\n        <div id=\"sl23977_bg\" class=\"sl_bg\" data-name=\"\" data-id=\"23977\">\n<div id=\"sl23977\" class=\"sl\">\n<div class=\"fila\">\n<div class=\"c-12\">\n<div id=\"ce36483_bg\" class=\"ce_bg\">\n<div id=\"ce36483_bg2\" class=\"ce_bg2\">\n<div id=\"ce36483\" class=\"ce\">\n<div class=\"txt\">\n<ul>\n<li data-start=\"3242\" data-end=\"3437\">\n<p data-start=\"3244\" data-end=\"3437\">Route of the old train track <strong data-start=\"3274\" data-end=\"3290\">Alcoy-Gandia<\/strong> (current Serpis greenway), traveling through tunnels and old railway tracks and crossing natural corners.<\/p>\n<\/li>\n<li data-start=\"3438\" data-end=\"3567\">\n<p data-start=\"3440\" data-end=\"3567\">Natural place of <strong data-start=\"3460\" data-end=\"3480\">Circus of the Safor<\/strong> \u2013 a natural amphitheater surrounded by mountains.<\/p>\n<\/li>\n<li data-start=\"3568\" data-end=\"3702\">\n<p data-start=\"3570\" data-end=\"3702\">Places like <strong data-start=\"3586\" data-end=\"3602\">Duke&#039;s Corner<\/strong>, the <strong data-start=\"3607\" data-end=\"3620\">Reprimand her<\/strong>, fountains and old mills along the way.<\/p>\n<\/li>\n<li data-start=\"3703\" data-end=\"3931\">\n<p data-start=\"3705\" data-end=\"3931\">Inside the town: the old town with narrow streets, ceramic altarpieces, modernist facades, the Church of the Holy Kings, the Chapel of the Virgin of the Font and the Fountain of the 16 Xorros.<\/p>\n<\/li>\n<li data-start=\"3703\" data-end=\"3931\">\n<p data-start=\"3705\" data-end=\"3931\">Hermitage of Sant Antoni Abat and Santa B\u00e0rbara, outside the urban center, accessible by short walks.<\/p>\n<\/li>\n<li data-start=\"4072\" data-end=\"4213\">\n<p data-start=\"4074\" data-end=\"4213\">Remains of the Moorish Castle, 1.5 km from the town, with panoramic views and archaeological remains.<\/p>\n<\/li>\n<\/ul>\n<\/div>\n<\/div>\n<\/div>\n<\/div>\n<\/div>\n<\/div>\n<\/div>\n<\/div>    <\/div>\n<\/div>\n<!-- \/module text -->        <\/div>\n                    <div  data-lazy=\"1\" class=\"module_column sub_column col4-2 tb_no3v336 last\">\n                    <!-- module image -->\n<div  class=\"module module-image tb_4ghw336 image-top rounded drop-shadow  auto_fullwidth tf_mw\" data-lazy=\"1\">\n        <div class=\"image-wrap tf_rel tf_mw\">\n            <img loading=\"lazy\" decoding=\"async\" src=\"https:\/\/villalonga.es\/wp-content\/uploads\/2025\/10\/3-1024x576-499x499.jpg\" width=\"499\" height=\"499\" class=\"wp-post-image wp-image-2454\" title=\"3\" alt=\"3\" srcset=\"https:\/\/villalonga.es\/wp-content\/uploads\/2025\/10\/3-1024x576-499x499.jpg 499w, https:\/\/villalonga.es\/wp-content\/uploads\/2025\/10\/3-150x150.jpg 150w\" sizes=\"auto, (max-width: 499px) 100vw, 499px\" \/>    \n        <\/div>\n    <!-- \/image-wrap -->\n    \n        <\/div>\n<!-- \/module image -->        <\/div>\n                    <\/div>\n                <\/div>\n                        <\/div>\n        <\/div>\n        <\/div>\n<!--\/themify_builder_content-->","protected":false},"excerpt":{"rendered":"<p>Turisme Poble xicotet\u00a0per\u00f2 amb molt d&#8217;encant. A continuaci\u00f3 pots veure un visor interactiu amb el patrimoni i recursos naturals del municipi: Qu\u00e8 visitar i qu\u00e8 fer Ruta de l\u2019antiga via del tren Alcoy-Gandia (actual via verda del Serpis), recorrent t\u00fanels i vies ferrovi\u00e0ries antigues i travessant racons naturals. Paratge natural del Circ de la Safor [&hellip;]<\/p>\n","protected":false},"author":1,"featured_media":0,"parent":146,"menu_order":0,"comment_status":"closed","ping_status":"closed","template":"","meta":{"footnotes":""},"class_list":["post-630","page","type-page","status-publish","hentry","has-post-title","has-post-date","has-post-category","has-post-tag","has-post-comment","has-post-author",""],"builder_content":"<h1 style=\"margin-bottom: 0;\">Turisme<\/h1>\n<p style=\"margin-top: 13px; margin-bottom: 13px; font-family: 'Open Sans', sans-serif; color: #000000; font-size: 18px; text-align: center;\"><strong>Poble xicotet\u00a0per\u00f2 amb molt d'encant.<\/strong><\/p> <p style=\"margin-top: 13px; margin-bottom: 13px; text-align: center;\">A continuaci\u00f3 pots veure un visor interactiu amb el patrimoni i recursos naturals del municipi:<\/p>\n<iframe loading=\"lazy\" src=\"https:\/\/s360.dielmo.com\/2024\/mirador_vilallonga\/index.htm\" width=\"100%\" height=\"600\" style=\"border:1px solid #ccc;\"> <\/iframe>\n<h3>Qu\u00e8 visitar i qu\u00e8 fer<\/h3>\n<ul> <li data-start=\"3242\" data-end=\"3437\"> <p data-start=\"3244\" data-end=\"3437\">Ruta de l\u2019antiga via del tren <strong data-start=\"3274\" data-end=\"3290\">Alcoy-Gandia<\/strong> (actual via verda del Serpis), recorrent t\u00fanels i vies ferrovi\u00e0ries antigues i travessant racons naturals.<\/p> <\/li> <li data-start=\"3438\" data-end=\"3567\"> <p data-start=\"3440\" data-end=\"3567\">Paratge natural del <strong data-start=\"3460\" data-end=\"3480\">Circ de la Safor<\/strong> \u2013 un amfiteatre natural envoltat de muntanyes.<\/p> <\/li> <li data-start=\"3568\" data-end=\"3702\"> <p data-start=\"3570\" data-end=\"3702\">Paratges com el <strong data-start=\"3586\" data-end=\"3602\">Rac\u00f3 del Duc<\/strong>, la <strong data-start=\"3607\" data-end=\"3620\">Reprimala<\/strong>, fonts i molins antics al llarg del cam\u00ed.<\/p> <\/li> <li data-start=\"3703\" data-end=\"3931\"> <p data-start=\"3705\" data-end=\"3931\">A l\u2019interior del poble: el casc antic amb carrers estrets, retablos cer\u00e0mics, fa\u00e7anes modernistes, l\u2019Esgl\u00e9sia dels Sants Reis, la Capella de la Verge de la Font i la Font dels 16 Xorros.<\/p> <\/li> <li data-start=\"3703\" data-end=\"3931\"> <p data-start=\"3705\" data-end=\"3931\">Ermita de Sant Antoni Abat i Santa B\u00e0rbara, fora del nucli urb\u00e0, accessible amb caminades curtes.<\/p> <\/li> <li data-start=\"4072\" data-end=\"4213\"> <p data-start=\"4074\" data-end=\"4213\">Restes del Castell dels Moros, a 1,5 km del poble, amb vistes panor\u00e0miques i vestigis arqueol\u00f2gics.<\/p> <\/li> <\/ul>\n<img src=\"https:\/\/villalonga.es\/wp-content\/uploads\/2025\/10\/3-1024x576-499x499.jpg\" width=\"499\" height=\"499\" title=\"3\" alt=\"3\" srcset=\"https:\/\/villalonga.es\/wp-content\/uploads\/2025\/10\/3-1024x576-499x499.jpg 499w, https:\/\/villalonga.es\/wp-content\/uploads\/2025\/10\/3-150x150.jpg 150w\" sizes=\"(max-width: 499px) 100vw, 499px\" \/>\n<h2>FESTES PATRONALS<\/h2>\n<p>15 d'agost:&nbsp;Mare de D\u00e9u de la Llet.<\/p><p>23 de juny:&nbsp;Les fogueres de sant Joan. Una vegada finalitzat el sopar de \"baix bra\u00e7\", es realitzen fogueres a la platja per tal de complir amb la tradici\u00f3 que marca la nit m\u00e0gica. Correfocs i batukades amenitzen esta nit.<\/p>\n<img src=\"https:\/\/villalonga.es\/wp-content\/uploads\/2024\/09\/a0860fb67050005e55178a81fc7190c8.png\" title=\"Turisme\" alt=\"Turisme\">\n<img src=\"https:\/\/villalonga.es\/wp-content\/uploads\/2024\/09\/0090499a6c557d7b608eab76be85221a.jpg\" title=\"Turisme\" alt=\"Turisme\">\n<p>Els actes festius i culturals comencen el dia 11 d'agost i es prolonguen fins el dia 15 ambd\u00f2s inclosos.&nbsp; Per\u00f2 els caps de setmana d'agost anteriors a la data es realitzen m\u00faltiples actes en els que cal destacar des de paelles gegants, jocs per a xiquets, desfilada de Moros i Cristians, concerts, etc.<\/p><p><ul><li>9 d'octubre dia de la comunitat.&nbsp; A Guardamar concentraci\u00f3 de Motos Cl\u00e0ssiques..<\/li><li>31 d'octubre la nit de les \u00e0nimes.&nbsp; Xicotets i majors s'uneixen, per a que tots plegats rec\u00f3rrer els carrers de Guardamar.<\/li><\/ul><\/p>\n<img src=\"https:\/\/villalonga.es\/wp-content\/uploads\/2024\/09\/lg-184-103199625120461415.jpg\" title=\"Turisme\" alt=\"Turisme\">\n<h2>ON DINAR<\/h2>\nExisteixen dos restaurants de reconegut prestigi:<br><ul><li>Restaurant Arnad\u00ed,&nbsp; Restaurant Franc\u00e9s d'alta cuina amb un gran comedor i un preci\u00f3s jard\u00ed on els teus dinars o sopars seran una del\u00edcia. Tracte exquisit, alta cuina per a degustar en un lloc immillorable i la Casa Gran, restaurant itali\u00e0 amb aire r\u00fastic situat al palauet del s. XVII<\/li><li>Tamb\u00e9 podem trobar el Bar Guardamar situat en l'edifici de l'Ajuntament nou on podeu degustar la cuina tradicional valenciana.<\/li><\/ul><br>&nbsp;A m\u00e9s a m\u00e9s, existeixen varis bars i restuarants on dinar o sopar, aix\u00ed com altres servicis Geladeria o pera pendre una copa.\n<h2>TURISME ADAPTAT<\/h2>\n\u00a0\n<p><strong>En el marc de les subvencions Impulsem Turisme de la Diputaci\u00f3 de Val\u00e8ncia<\/strong>, l\u2019Ajuntament de Guardamar de la Safor ha rebut una ajuda de\u00a0<strong>4.477 \u20ac<\/strong>\u00a0per a accions de promoci\u00f3 i dinamitzaci\u00f3 tur\u00edstica.<\/p> <p>Amb aquesta ajuda, s\u2019ha dut a terme la\u00a0<strong>\u201cRuta Adaptada Interpretativa dels Valors Naturals del Municipi\u201d<\/strong>, un projecte que inclou la col\u00b7locaci\u00f3 de\u00a0<strong>2 nous panells interpretatius<\/strong>\u00a0a la platja de Guardamar de la Safor.<\/p> <p>Aquests panells no sols promouen el\u00a0<strong>turisme sostenible<\/strong>\u00a0i donen a con\u00e9ixer el nostre\u00a0<strong>patrimoni natural<\/strong>, sin\u00f3 que tamb\u00e9 estan adaptats per a persones amb\u00a0<strong>diversitat funcional<\/strong>, concretament aquelles amb\u00a0<strong>dificultats cognitives, auditives i visuals<\/strong>.<\/p> <p><strong>Guardamar aposta per un turisme inclusiu i accessible per a totes i tots.<\/strong><\/p>\n<img src=\"https:\/\/villalonga.es\/wp-content\/uploads\/2024\/11\/cartel-ruta-adaptada.jpg\" title=\"Turisme\" alt=\"Turisme\">\n<img src=\"https:\/\/villalonga.es\/wp-content\/uploads\/2024\/11\/cartel-ruta-adaptada2.jpg\" title=\"Turisme\" alt=\"Turisme\">","_links":{"self":[{"href":"https:\/\/villalonga.es\/en\/wp-json\/wp\/v2\/pages\/630","targetHints":{"allow":["GET"]}}],"collection":[{"href":"https:\/\/villalonga.es\/en\/wp-json\/wp\/v2\/pages"}],"about":[{"href":"https:\/\/villalonga.es\/en\/wp-json\/wp\/v2\/types\/page"}],"author":[{"embeddable":true,"href":"https:\/\/villalonga.es\/en\/wp-json\/wp\/v2\/users\/1"}],"replies":[{"embeddable":true,"href":"https:\/\/villalonga.es\/en\/wp-json\/wp\/v2\/comments?post=630"}],"version-history":[{"count":37,"href":"https:\/\/villalonga.es\/en\/wp-json\/wp\/v2\/pages\/630\/revisions"}],"predecessor-version":[{"id":2552,"href":"https:\/\/villalonga.es\/en\/wp-json\/wp\/v2\/pages\/630\/revisions\/2552"}],"up":[{"embeddable":true,"href":"https:\/\/villalonga.es\/en\/wp-json\/wp\/v2\/pages\/146"}],"wp:attachment":[{"href":"https:\/\/villalonga.es\/en\/wp-json\/wp\/v2\/media?parent=630"}],"curies":[{"name":"wp","href":"https:\/\/api.w.org\/{rel}","templated":true}]}}