{"id":506,"date":"2024-09-24T12:36:47","date_gmt":"2024-09-24T12:36:47","guid":{"rendered":"https:\/\/ayto5.accesia.info\/?page_id=506"},"modified":"2025-10-08T18:47:54","modified_gmt":"2025-10-08T18:47:54","slug":"telefons-dinteres","status":"publish","type":"page","link":"https:\/\/villalonga.es\/en\/ajuntament\/telefons-dinteres\/","title":{"rendered":"Telephones of interest"},"content":{"rendered":"<!--themify_builder_content-->\n<div id=\"themify_builder_content-506\" data-postid=\"506\" class=\"themify_builder_content themify_builder_content-506 themify_builder tf_clear\">\n                    <div  data-parallax-bg=\"desktop\" data-lazy=\"1\" class=\"module_row themify_builder_row tb_fvf9342 tb_first tf_w\">\n            <span class=\"builder_row_cover tf_abs\"><\/span>            <div class=\"row_inner col_align_top tb_col_count_1 tf_box tf_rel\">\n                        <div  data-lazy=\"1\" class=\"module_column tb-column col-full tb_sgm3342 first\">\n                    <!-- module text -->\n<div  class=\"module module-text tb_t6uc342\" data-lazy=\"1\">\n        <div  class=\"tb_text_wrap\">\n        <h1 style=\"margin-bottom: 0;\">Telephones of interest<\/h1>    <\/div>\n<\/div>\n<!-- \/module text -->        <\/div>\n                        <\/div>\n        <\/div>\n                        <div  data-lazy=\"1\" class=\"module_row themify_builder_row tb_s4hv928 tf_w\">\n                        <div class=\"row_inner col_align_top tb_col_count_2 tf_box tf_rel\">\n                        <div  data-lazy=\"1\" class=\"module_column tb-column col4-2 tb_e3gy929 first\">\n                    <!-- module feature -->\n<div  class=\"module module-feature tb_ib2e401 with-chart layout-icon-left size-small  wow\" data-tf-animation=\"zoomIn\" data-layout-mobile=\"icon-left\" data-layout-desktop=\"icon-left\" data-lazy=\"1\">\n        <div class=\"module-feature-image tf_textc tf_rel\">\n                            <a href=\"tel:962805201\">\n                        <span class=\"module-feature-chart-html5 tf_box tf_rel tf_inline_b\">\n                                    <svg class=\"tf_abs tf_w tf_h\">\n                    <circle class=\"tb_feature_fill\" r=\"calc(50% - 2.00px)\" cx=\"50%\" cy=\"50%\" stroke-width=\"4\"\/>\n                    <circle class=\"tb_feature_stroke\" r=\"calc(50% - 2.00px)\" cx=\"50%\" cy=\"50%\" stroke=\"#2c5d36\" stroke-width=\"4\" data-progress=\"100\" stroke-dasharray=\"0,10000\"\/>\n                                        <\/svg>\n                                <span class=\"chart-html5-circle tf_w tf_h\">\n                                            <em class=\"module-feature-icon tf_rel\" style=\"color:#2c5d36\"><svg  class=\"tf_fa tf-fas-building-shield\" aria-hidden=\"true\"><use href=\"#tf-fas-building-shield\"><\/use><\/svg><\/em>\n                                    <\/span>\n\n                \n            <\/span>\n                        <\/a>\n            <\/div>\n    <div class=\"module-feature-content tf_textc\">\n                    <h3 class=\"module-feature-title\">\n                            <a href=\"tel:962805201\">962 805 201<\/a>\n                        <\/h3>\n                    <div class=\"tb_text_wrap\">\n            <p>Parish telephone number<\/p>        <\/div>\n    <\/div>\n<\/div>\n<!-- \/module feature -->\n        <\/div>\n                    <div  data-lazy=\"1\" class=\"module_column tb-column col4-2 tb_jzyn571 last\">\n                    <!-- module feature -->\n<div  class=\"module module-feature tb_x9er993 with-chart layout-icon-left size-small  wow\" data-tf-animation=\"zoomIn\" data-layout-mobile=\"icon-left\" data-layout-desktop=\"icon-left\" data-lazy=\"1\">\n        <div class=\"module-feature-image tf_textc tf_rel\">\n                            <a href=\"tel:112\">\n                        <span class=\"module-feature-chart-html5 tf_box tf_rel tf_inline_b\">\n                                    <svg class=\"tf_abs tf_w tf_h\">\n                    <circle class=\"tb_feature_fill\" r=\"calc(50% - 2.00px)\" cx=\"50%\" cy=\"50%\" stroke-width=\"4\"\/>\n                    <circle class=\"tb_feature_stroke\" r=\"calc(50% - 2.00px)\" cx=\"50%\" cy=\"50%\" stroke=\"#2c5d36\" stroke-width=\"4\" data-progress=\"100\" stroke-dasharray=\"0,10000\"\/>\n                                        <\/svg>\n                                <span class=\"chart-html5-circle tf_w tf_h\">\n                                            <em class=\"module-feature-icon tf_rel\" style=\"color:#2c5d36\"><svg  class=\"tf_fa tf-fas-ambulance\" aria-hidden=\"true\"><use href=\"#tf-fas-ambulance\"><\/use><\/svg><\/em>\n                                    <\/span>\n\n                \n            <\/span>\n                        <\/a>\n            <\/div>\n    <div class=\"module-feature-content tf_textc\">\n                    <h3 class=\"module-feature-title\">\n                            <a href=\"tel:112\">112<\/a>\n                        <\/h3>\n                    <div class=\"tb_text_wrap\">\n            <p>Emergency phone<\/p>        <\/div>\n    <\/div>\n<\/div>\n<!-- \/module feature -->\n        <\/div>\n                        <\/div>\n        <\/div>\n                        <div  data-lazy=\"1\" class=\"module_row themify_builder_row tb_zrvj598 tf_w\">\n                        <div class=\"row_inner col_align_top tb_col_count_2 tf_box tf_rel\">\n                        <div  data-lazy=\"1\" class=\"module_column tb-column col4-2 tb_hs1u598 first\">\n                    <!-- module feature -->\n<div  class=\"module module-feature tb_0k5x598 with-chart layout-icon-left size-small  wow\" data-tf-animation=\"zoomIn\" data-layout-mobile=\"icon-left\" data-layout-desktop=\"icon-left\" data-lazy=\"1\">\n        <div class=\"module-feature-image tf_textc tf_rel\">\n                            <a href=\"tel:112\">\n                        <span class=\"module-feature-chart-html5 tf_box tf_rel tf_inline_b\">\n                                    <svg class=\"tf_abs tf_w tf_h\">\n                    <circle class=\"tb_feature_fill\" r=\"calc(50% - 2.00px)\" cx=\"50%\" cy=\"50%\" stroke-width=\"4\"\/>\n                    <circle class=\"tb_feature_stroke\" r=\"calc(50% - 2.00px)\" cx=\"50%\" cy=\"50%\" stroke=\"#2c5d36\" stroke-width=\"4\" data-progress=\"100\" stroke-dasharray=\"0,10000\"\/>\n                                        <\/svg>\n                                <span class=\"chart-html5-circle tf_w tf_h\">\n                                            <em class=\"module-feature-icon tf_rel\" style=\"color:#2c5d36\"><svg  class=\"tf_fa tf-fas-phone-alt\" aria-hidden=\"true\"><use href=\"#tf-fas-phone-alt\"><\/use><\/svg><\/em>\n                                    <\/span>\n\n                \n            <\/span>\n                        <\/a>\n            <\/div>\n    <div class=\"module-feature-content tf_textc\">\n                    <h3 class=\"module-feature-title\">\n                            <a href=\"tel:112\">112<\/a>\n                        <\/h3>\n                    <div class=\"tb_text_wrap\">\n            <p>Emergency phone<\/p>        <\/div>\n    <\/div>\n<\/div>\n<!-- \/module feature -->\n        <\/div>\n                    <div  data-lazy=\"1\" class=\"module_column tb-column col4-2 tb_s8u7598 last\">\n                    <!-- module feature -->\n<div  class=\"module module-feature tb_8oul654 with-chart layout-icon-left size-small  wow\" data-tf-animation=\"zoomIn\" data-layout-mobile=\"icon-left\" data-layout-desktop=\"icon-left\" data-lazy=\"1\">\n        <div class=\"module-feature-image tf_textc tf_rel\">\n                            <a href=\"tel:962805004\">\n                        <span class=\"module-feature-chart-html5 tf_box tf_rel tf_inline_b\">\n                                    <svg class=\"tf_abs tf_w tf_h\">\n                    <circle class=\"tb_feature_fill\" r=\"calc(50% - 2.00px)\" cx=\"50%\" cy=\"50%\" stroke-width=\"4\"\/>\n                    <circle class=\"tb_feature_stroke\" r=\"calc(50% - 2.00px)\" cx=\"50%\" cy=\"50%\" stroke=\"#2c5d36\" stroke-width=\"4\" data-progress=\"100\" stroke-dasharray=\"0,10000\"\/>\n                                        <\/svg>\n                                <span class=\"chart-html5-circle tf_w tf_h\">\n                                            <em class=\"module-feature-icon tf_rel\" style=\"color:#2c5d36\"><svg  class=\"tf_fa tf-fas-building-columns\" aria-hidden=\"true\"><use href=\"#tf-fas-building-columns\"><\/use><\/svg><\/em>\n                                    <\/span>\n\n                \n            <\/span>\n                        <\/a>\n            <\/div>\n    <div class=\"module-feature-content tf_textc\">\n                    <h3 class=\"module-feature-title\">\n                            <a href=\"tel:962805004\">962 805 004<\/a>\n                        <\/h3>\n                    <div class=\"tb_text_wrap\">\n            <p>Town hall telephone<\/p>        <\/div>\n    <\/div>\n<\/div>\n<!-- \/module feature -->\n        <\/div>\n                        <\/div>\n        <\/div>\n        <\/div>\n<!--\/themify_builder_content-->","protected":false},"excerpt":{"rendered":"<p>Tel\u00e8fons d&#8217;inter\u00e9s 962 805 201 Tel\u00e8fon de la parroquia 112 Tel\u00e8fon d&#8217;emerg\u00e8ncies 112 Tel\u00e8fon d&#8217;emerg\u00e8ncies 962 805 004 Tel\u00e8fon del ajuntament 112 Tel\u00e8fon d&#8217;emerg\u00e8ncies 962 871 975 Tel\u00e8fon dels bombers 902 240 202 Tel\u00e8fon de l&#8217;estaci\u00f3 de tren 902 422 242 Tel\u00e8fon de l&#8217;estaci\u00f3 de bus 962 118 674 Tel\u00e8fon del centre esportiu l&#8217;ullal<\/p>","protected":false},"author":1,"featured_media":0,"parent":36,"menu_order":0,"comment_status":"closed","ping_status":"closed","template":"","meta":{"footnotes":""},"class_list":["post-506","page","type-page","status-publish","hentry","has-post-title","has-post-date","has-post-category","has-post-tag","has-post-comment","has-post-author",""],"builder_content":"<h1 style=\"margin-bottom: 0;\">Tel\u00e8fons d'inter\u00e9s<\/h1>\n<a href=\"tel:962805201\"> <svg> <circle r=\"calc(50% - 2.00px)\" cx=\"50%\" cy=\"50%\" stroke-width=\"4\"\/> <circle r=\"calc(50% - 2.00px)\" cx=\"50%\" cy=\"50%\" stroke=\"#2c5d36\" stroke-width=\"4\" data-progress=\"100\" stroke-dasharray=\"0,10000\"\/> <\/svg> <em style=\"color:#2c5d36\"><svg aria-hidden=\"true\"><use href=\"#tf-fas-building-shield\"><\/use><\/svg><\/em> \n <\/a> <h3> <a href=\"tel:962805201\">962 805 201<\/a> <\/h3> <p>Tel\u00e8fon de la parroquia<\/p>\n<a href=\"tel:112\"> <svg> <circle r=\"calc(50% - 2.00px)\" cx=\"50%\" cy=\"50%\" stroke-width=\"4\"\/> <circle r=\"calc(50% - 2.00px)\" cx=\"50%\" cy=\"50%\" stroke=\"#2c5d36\" stroke-width=\"4\" data-progress=\"100\" stroke-dasharray=\"0,10000\"\/> <\/svg> <em style=\"color:#2c5d36\"><svg aria-hidden=\"true\"><use href=\"#tf-fas-ambulance\"><\/use><\/svg><\/em> \n <\/a> <h3> <a href=\"tel:112\">112<\/a> <\/h3> <p>Tel\u00e8fon d'emerg\u00e8ncies<\/p>\n<a href=\"tel:112\"> <svg> <circle r=\"calc(50% - 2.00px)\" cx=\"50%\" cy=\"50%\" stroke-width=\"4\"\/> <circle r=\"calc(50% - 2.00px)\" cx=\"50%\" cy=\"50%\" stroke=\"#2c5d36\" stroke-width=\"4\" data-progress=\"100\" stroke-dasharray=\"0,10000\"\/> <\/svg> <em style=\"color:#2c5d36\"><svg aria-hidden=\"true\"><use href=\"#tf-fas-phone-alt\"><\/use><\/svg><\/em> \n <\/a> <h3> <a href=\"tel:112\">112<\/a> <\/h3> <p>Tel\u00e8fon d'emerg\u00e8ncies<\/p>\n<a href=\"tel:962805004\"> <svg> <circle r=\"calc(50% - 2.00px)\" cx=\"50%\" cy=\"50%\" stroke-width=\"4\"\/> <circle r=\"calc(50% - 2.00px)\" cx=\"50%\" cy=\"50%\" stroke=\"#2c5d36\" stroke-width=\"4\" data-progress=\"100\" stroke-dasharray=\"0,10000\"\/> <\/svg> <em style=\"color:#2c5d36\"><svg aria-hidden=\"true\"><use href=\"#tf-fas-building-columns\"><\/use><\/svg><\/em> \n <\/a> <h3> <a href=\"tel:962805004\">962 805 004<\/a> <\/h3> <p>Tel\u00e8fon del ajuntament<\/p>\n<a href=\"tel:112\"> <svg> <circle r=\"calc(50% - 2.00px)\" cx=\"50%\" cy=\"50%\" stroke-width=\"4\"\/> <circle r=\"calc(50% - 2.00px)\" cx=\"50%\" cy=\"50%\" stroke=\"#000000\" stroke-width=\"4\" data-progress=\"100\" stroke-dasharray=\"0,10000\"\/> <\/svg> <em style=\"color:#000000\"><svg aria-hidden=\"true\"><use href=\"#tf-fas-phone-alt\"><\/use><\/svg><\/em> \n <\/a> <h3> <a href=\"tel:112\">112<\/a> <\/h3> <p>Tel\u00e8fon d'emerg\u00e8ncies<\/p>\n<a href=\"tel:962871975\"> <svg> <circle r=\"calc(50% - 2.00px)\" cx=\"50%\" cy=\"50%\" stroke-width=\"4\"\/> <circle r=\"calc(50% - 2.00px)\" cx=\"50%\" cy=\"50%\" stroke=\"#000000\" stroke-width=\"4\" data-progress=\"100\" stroke-dasharray=\"0,10000\"\/> <\/svg> <em style=\"color:#000000\"><svg aria-hidden=\"true\"><use href=\"#tf-fas-fire-extinguisher\"><\/use><\/svg><\/em> \n <\/a> <h3> <a href=\"tel:962871975\">962 871 975<\/a> <\/h3> <p>Tel\u00e8fon dels bombers<\/p>\n<a href=\"tel:902240202\"> <svg> <circle r=\"calc(50% - 2.00px)\" cx=\"50%\" cy=\"50%\" stroke-width=\"4\"\/> <circle r=\"calc(50% - 2.00px)\" cx=\"50%\" cy=\"50%\" stroke=\"#000000\" stroke-width=\"4\" data-progress=\"100\" stroke-dasharray=\"0,10000\"\/> <\/svg> <em style=\"color:#000000\"><svg aria-hidden=\"true\"><use href=\"#tf-fas-train-subway\"><\/use><\/svg><\/em> \n <\/a> <h3> <a href=\"tel:902240202\">902 240 202<\/a> <\/h3> <p>Tel\u00e8fon de l'estaci\u00f3 de tren<\/p>\n<a href=\"tel:902422242\"> <svg> <circle r=\"calc(50% - 2.00px)\" cx=\"50%\" cy=\"50%\" stroke-width=\"4\"\/> <circle r=\"calc(50% - 2.00px)\" cx=\"50%\" cy=\"50%\" stroke=\"#000000\" stroke-width=\"4\" data-progress=\"100\" stroke-dasharray=\"0,10000\"\/> <\/svg> <em style=\"color:#000000\"><svg aria-hidden=\"true\"><use href=\"#tf-fas-bus-alt\"><\/use><\/svg><\/em> \n <\/a> <h3> <a href=\"tel:902422242\">902 422 242<\/a> <\/h3> <p>Tel\u00e8fon de l'estaci\u00f3 de bus<\/p>\n<a href=\"tel:962118674\"> <svg> <circle r=\"calc(50% - 2.00px)\" cx=\"50%\" cy=\"50%\" stroke-width=\"4\"\/> <circle r=\"calc(50% - 2.00px)\" cx=\"50%\" cy=\"50%\" stroke=\"#000000\" stroke-width=\"4\" data-progress=\"100\" stroke-dasharray=\"0,10000\"\/> <\/svg> <em style=\"color:#000000\"><svg aria-hidden=\"true\"><use href=\"#tf-fas-volleyball\"><\/use><\/svg><\/em> \n <\/a> <h3> <a href=\"tel:962118674\">962 118 674<\/a> <\/h3> <p>Tel\u00e8fon del centre esportiu l'ullal<\/p>","_links":{"self":[{"href":"https:\/\/villalonga.es\/en\/wp-json\/wp\/v2\/pages\/506","targetHints":{"allow":["GET"]}}],"collection":[{"href":"https:\/\/villalonga.es\/en\/wp-json\/wp\/v2\/pages"}],"about":[{"href":"https:\/\/villalonga.es\/en\/wp-json\/wp\/v2\/types\/page"}],"author":[{"embeddable":true,"href":"https:\/\/villalonga.es\/en\/wp-json\/wp\/v2\/users\/1"}],"replies":[{"embeddable":true,"href":"https:\/\/villalonga.es\/en\/wp-json\/wp\/v2\/comments?post=506"}],"version-history":[{"count":26,"href":"https:\/\/villalonga.es\/en\/wp-json\/wp\/v2\/pages\/506\/revisions"}],"predecessor-version":[{"id":2563,"href":"https:\/\/villalonga.es\/en\/wp-json\/wp\/v2\/pages\/506\/revisions\/2563"}],"up":[{"embeddable":true,"href":"https:\/\/villalonga.es\/en\/wp-json\/wp\/v2\/pages\/36"}],"wp:attachment":[{"href":"https:\/\/villalonga.es\/en\/wp-json\/wp\/v2\/media?parent=506"}],"curies":[{"name":"wp","href":"https:\/\/api.w.org\/{rel}","templated":true}]}}