{"id":2350,"date":"2025-10-08T02:25:42","date_gmt":"2025-10-08T02:25:42","guid":{"rendered":"https:\/\/villalonga.es\/?page_id=2350"},"modified":"2025-10-08T18:44:58","modified_gmt":"2025-10-08T18:44:58","slug":"festes","status":"publish","type":"page","link":"https:\/\/villalonga.es\/en\/poble\/festes\/","title":{"rendered":"Festivities"},"content":{"rendered":"<!--themify_builder_content-->\n<div id=\"themify_builder_content-2350\" data-postid=\"2350\" class=\"themify_builder_content themify_builder_content-2350 themify_builder tf_clear\">\n                    <div  data-parallax-bg=\"desktop\" data-lazy=\"1\" class=\"module_row themify_builder_row tb_fvf9342 tb_first tf_w\">\n            <span class=\"builder_row_cover tf_abs\"><\/span>            <div class=\"row_inner col_align_top tb_col_count_1 tf_box tf_rel\">\n                        <div  data-lazy=\"1\" class=\"module_column tb-column col-full tb_sgm3342 first\">\n                    <!-- module text -->\n<div  class=\"module module-text tb_t6uc342\" data-lazy=\"1\">\n        <div  class=\"tb_text_wrap\">\n        <h1 style=\"margin-bottom: 0;\">Festivities<\/h1>    <\/div>\n<\/div>\n<!-- \/module text -->        <\/div>\n                        <\/div>\n        <\/div>\n                        <div  data-lazy=\"1\" class=\"module_row themify_builder_row tb_865l200 tf_w\">\n                        <div class=\"row_inner col_align_top tb_col_count_1 tf_box tf_rel\">\n                        <div  data-lazy=\"1\" class=\"module_column tb-column col-full tb_6nbg200 first\">\n                    <!-- module text -->\n<div  class=\"module module-text tb_p08r741\" data-lazy=\"1\">\n        <div  class=\"tb_text_wrap\">\n        <p data-start=\"7851\" data-end=\"7904\">Villalonga celebrates several festivals throughout the year:<\/p>\n<ul data-start=\"7906\" data-end=\"9413\">\n<li data-start=\"7906\" data-end=\"8068\">\n<p data-start=\"7908\" data-end=\"8068\"><strong data-start=\"7908\" data-end=\"7944\">San Antonio Abad and Santa Barbara<\/strong> (January 17 or next weekend): blessing of animals and day at the hermitage.<\/p>\n<\/li>\n<li data-start=\"8069\" data-end=\"8281\">\n<p data-start=\"8071\" data-end=\"8281\"><strong data-start=\"8071\" data-end=\"8092\">Moors and Christians<\/strong>: a weekend before the patron saint&#039;s festivities in October. Friday with parades, discomobile, charangas; Saturday parades and central events.<\/p>\n<\/li>\n<li data-start=\"8282\" data-end=\"8474\">\n<p data-start=\"8284\" data-end=\"8474\"><strong data-start=\"8284\" data-end=\"8314\">October patron saint festivities<\/strong>: floral offering to the Virgin of the Fountain, correfocs, despert\u00e0, masclet\u00e0, cavalcade, procession, firework display, orchestras.<\/p>\n<\/li>\n<li data-start=\"8475\" data-end=\"8755\">\n<p data-start=\"8477\" data-end=\"8755\"><strong data-start=\"8477\" data-end=\"8495\">August festivities<\/strong>: on August 15th, feast of the Virgin (paella competition), water and foam festival (\u201cwater and foam cord\u00e0\u201d); August 16th, in the Cais neighborhood, mass, procession and local festival; August 17th, transfer of the Virgin to the church.<\/p>\n<\/li>\n<li data-start=\"8756\" data-end=\"8862\">\n<p data-start=\"8758\" data-end=\"8862\"><strong data-start=\"8758\" data-end=\"8775\">Easter<\/strong>: Maundy Thursday and Good Friday processions.<\/p>\n<\/li>\n<li data-start=\"8863\" data-end=\"9007\">\n<p data-start=\"8865\" data-end=\"9007\"><strong data-start=\"8865\" data-end=\"8886\">San Vicente Ferrer<\/strong>: celebrations in the Sant Vicent neighborhood with activities, food and local festivities.<\/p>\n<\/li>\n<li data-start=\"9008\" data-end=\"9172\">\n<p data-start=\"9010\" data-end=\"9172\"><strong data-start=\"9010\" data-end=\"9019\">Christmas<\/strong>: from December 22 to January 7: cock&#039;s mass, concerts, Three Kings parade, family activities.<\/p>\n<\/li>\n<li data-start=\"9173\" data-end=\"9413\">\n<p data-start=\"9175\" data-end=\"9413\"><strong data-start=\"9175\" data-end=\"9193\">Corpus Christi<\/strong>: annual preparation of a <strong data-start=\"9218\" data-end=\"9238\">ephemeral carpet<\/strong> with sawdust, paint and natural sand (about ~50 m\u00b2), different each year, in the chapel of the Verge de la Font. By Vicent Estevan.<\/p>\n<\/li>\n<\/ul>    <\/div>\n<\/div>\n<!-- \/module text -->        <\/div>\n                        <\/div>\n        <\/div>\n        <\/div>\n<!--\/themify_builder_content-->","protected":false},"excerpt":{"rendered":"<p>Festes Villalonga celebra diverses festes al llarg de l\u2019any: San Antonio Abad i Santa B\u00e0rbara (17 de gener o cap de setmana pr\u00f2xim): benedicci\u00f3 d\u2019animals i jornada a l\u2019ermita. Moros i Cristians: un cap de setmana abans de les festes patronals d\u2019octubre. Divendres amb desfilades, discom\u00f2bil, charangas; dissabte desfilades i actes centrals. Festes patronals d\u2019octubre: [&hellip;]<\/p>\n","protected":false},"author":1,"featured_media":0,"parent":146,"menu_order":0,"comment_status":"closed","ping_status":"closed","template":"","meta":{"footnotes":""},"class_list":["post-2350","page","type-page","status-publish","hentry","has-post-title","has-post-date","has-post-category","has-post-tag","has-post-comment","has-post-author",""],"builder_content":"<h1 style=\"margin-bottom: 0;\">Festes<\/h1>\n<p data-start=\"7851\" data-end=\"7904\">Villalonga celebra diverses festes al llarg de l\u2019any:<\/p> <ul data-start=\"7906\" data-end=\"9413\"> <li data-start=\"7906\" data-end=\"8068\"> <p data-start=\"7908\" data-end=\"8068\"><strong data-start=\"7908\" data-end=\"7944\">San Antonio Abad i Santa B\u00e0rbara<\/strong> (17 de gener o cap de setmana pr\u00f2xim): benedicci\u00f3 d\u2019animals i jornada a l\u2019ermita.<\/p> <\/li> <li data-start=\"8069\" data-end=\"8281\"> <p data-start=\"8071\" data-end=\"8281\"><strong data-start=\"8071\" data-end=\"8092\">Moros i Cristians<\/strong>: un cap de setmana abans de les festes patronals d\u2019octubre. Divendres amb desfilades, discom\u00f2bil, charangas; dissabte desfilades i actes centrals.<\/p> <\/li> <li data-start=\"8282\" data-end=\"8474\"> <p data-start=\"8284\" data-end=\"8474\"><strong data-start=\"8284\" data-end=\"8314\">Festes patronals d\u2019octubre<\/strong>: oferta floral a la Verge de la Font, correfocs, despert\u00e0, masclet\u00e0, cavalcada, process\u00f3, castell de focs, orquestes.<\/p> <\/li> <li data-start=\"8475\" data-end=\"8755\"> <p data-start=\"8477\" data-end=\"8755\"><strong data-start=\"8477\" data-end=\"8495\">Festes d\u2019agost<\/strong>: el 15 d\u2019agost festa de la Verge (concurs de paelles), festa d\u2019aigua i espuma (\u201ccord\u00e0 d\u2019aigua i d\u2019espuma\u201d); 16 d\u2019agost, en el barri de Cais, missa, process\u00f3 i festa local; 17 d\u2019agost trasllat de la Verge a l\u2019esgl\u00e9sia.<\/p> <\/li> <li data-start=\"8756\" data-end=\"8862\"> <p data-start=\"8758\" data-end=\"8862\"><strong data-start=\"8758\" data-end=\"8775\">Setmana Santa<\/strong>: processons de Dijous Sant i Divendres Sant.<\/p> <\/li> <li data-start=\"8863\" data-end=\"9007\"> <p data-start=\"8865\" data-end=\"9007\"><strong data-start=\"8865\" data-end=\"8886\">San Vicent Ferrer<\/strong>: celebracions en el barri de Sant Vicent amb activitats, menjar i festa local.<\/p> <\/li> <li data-start=\"9008\" data-end=\"9172\"> <p data-start=\"9010\" data-end=\"9172\"><strong data-start=\"9010\" data-end=\"9019\">Nadal<\/strong>: des del 22 de desembre fins al 7 de gener: missa del gall, concerts, cavalcada de Reis, activitats familiars.<\/p> <\/li> <li data-start=\"9173\" data-end=\"9413\"> <p data-start=\"9175\" data-end=\"9413\"><strong data-start=\"9175\" data-end=\"9193\">Corpus Christi<\/strong>: elaboraci\u00f3 anual d\u2019una <strong data-start=\"9218\" data-end=\"9238\">alfombra ef\u00edmera<\/strong> amb serr\u00ed, pintura i sorra natural (uns ~50 m\u00b2), cada any diferent, a la capella de la Verge de la Font. A c\u00e0rrec de Vicent Estevan.<\/p> <\/li> <\/ul>\n<img src=\"https:\/\/villalonga.es\/wp-content\/uploads\/2025\/08\/8063288master.jpg\" title=\"8063288master\" alt=\"8063288master\" srcset=\"https:\/\/villalonga.es\/wp-content\/uploads\/2025\/08\/8063288master.jpg 1600w, https:\/\/villalonga.es\/wp-content\/uploads\/2025\/08\/8063288master-300x201.jpg 300w, https:\/\/villalonga.es\/wp-content\/uploads\/2025\/08\/8063288master-1024x685.jpg 1024w, https:\/\/villalonga.es\/wp-content\/uploads\/2025\/08\/8063288master-768x514.jpg 768w, https:\/\/villalonga.es\/wp-content\/uploads\/2025\/08\/8063288master-1536x1028.jpg 1536w, https:\/\/villalonga.es\/wp-content\/uploads\/2025\/08\/8063288master-18x12.jpg 18w, https:\/\/villalonga.es\/wp-content\/uploads\/2025\/08\/8063288master-1024x685-450x300.jpg 450w\" sizes=\"(max-width: 1600px) 100vw, 1600px\" \/>\n<img src=\"https:\/\/villalonga.es\/wp-content\/uploads\/2025\/08\/536_sam_2803.jpg\" title=\"536_sam_2803\" alt=\"536_sam_2803\" srcset=\"https:\/\/villalonga.es\/wp-content\/uploads\/2025\/08\/536_sam_2803.jpg 670w, https:\/\/villalonga.es\/wp-content\/uploads\/2025\/08\/536_sam_2803-300x179.jpg 300w, https:\/\/villalonga.es\/wp-content\/uploads\/2025\/08\/536_sam_2803-18x12.jpg 18w\" sizes=\"(max-width: 670px) 100vw, 670px\" \/>\n<img src=\"https:\/\/villalonga.es\/wp-content\/uploads\/2025\/08\/fed06680-0747-4244-a91b-8ee300664948_16-9-aspect-ratio_default_0.jpg\" title=\"fed06680-0747-4244-a91b-8ee300664948_16-9-aspect-ratio_default_0\" alt=\"fed06680-0747-4244-a91b-8ee300664948_16-9-aspect-ratio_default_0\" srcset=\"https:\/\/villalonga.es\/wp-content\/uploads\/2025\/08\/fed06680-0747-4244-a91b-8ee300664948_16-9-aspect-ratio_default_0.jpg 880w, https:\/\/villalonga.es\/wp-content\/uploads\/2025\/08\/fed06680-0747-4244-a91b-8ee300664948_16-9-aspect-ratio_default_0-300x169.jpg 300w, https:\/\/villalonga.es\/wp-content\/uploads\/2025\/08\/fed06680-0747-4244-a91b-8ee300664948_16-9-aspect-ratio_default_0-768x432.jpg 768w, https:\/\/villalonga.es\/wp-content\/uploads\/2025\/08\/fed06680-0747-4244-a91b-8ee300664948_16-9-aspect-ratio_default_0-18x10.jpg 18w\" sizes=\"(max-width: 880px) 100vw, 880px\" \/>\n<img src=\"https:\/\/villalonga.es\/wp-content\/uploads\/2025\/08\/fed06680-0747-4244-a91b-8ee300664948_16-9-aspect-ratio_default_0.jpg\" title=\"fed06680-0747-4244-a91b-8ee300664948_16-9-aspect-ratio_default_0\" alt=\"fed06680-0747-4244-a91b-8ee300664948_16-9-aspect-ratio_default_0\" srcset=\"https:\/\/villalonga.es\/wp-content\/uploads\/2025\/08\/fed06680-0747-4244-a91b-8ee300664948_16-9-aspect-ratio_default_0.jpg 880w, https:\/\/villalonga.es\/wp-content\/uploads\/2025\/08\/fed06680-0747-4244-a91b-8ee300664948_16-9-aspect-ratio_default_0-300x169.jpg 300w, https:\/\/villalonga.es\/wp-content\/uploads\/2025\/08\/fed06680-0747-4244-a91b-8ee300664948_16-9-aspect-ratio_default_0-768x432.jpg 768w, https:\/\/villalonga.es\/wp-content\/uploads\/2025\/08\/fed06680-0747-4244-a91b-8ee300664948_16-9-aspect-ratio_default_0-18x10.jpg 18w\" sizes=\"(max-width: 880px) 100vw, 880px\" \/>\n<img src=\"https:\/\/villalonga.es\/wp-content\/uploads\/2025\/08\/536_sam_2803.jpg\" title=\"536_sam_2803\" alt=\"536_sam_2803\" srcset=\"https:\/\/villalonga.es\/wp-content\/uploads\/2025\/08\/536_sam_2803.jpg 670w, https:\/\/villalonga.es\/wp-content\/uploads\/2025\/08\/536_sam_2803-300x179.jpg 300w, https:\/\/villalonga.es\/wp-content\/uploads\/2025\/08\/536_sam_2803-18x12.jpg 18w\" sizes=\"(max-width: 670px) 100vw, 670px\" \/>\n<p data-start=\"1434\" data-end=\"2018\">Vestibulum vitae sapien condimentum, venenatis magna nec, tincidunt enim. Donec porttitor egestas lorem sed facilisis. Nullam a massa feugiat, blandit justo at, malesuada lectus. Cras sed luctus ligula. Pellentesque eu sem feugiat, imperdiet massa vitae, convallis magna. Sed efficitur lorem a urna feugiat, sed egestas libero tempor. Aliquam erat volutpat. Etiam convallis ex vitae velit rhoncus maximus. Sed convallis sem eu nibh porta, vel commodo eros feugiat. Integer et ipsum eget orci suscipit imperdiet vel id ipsum. Mauris vel dui gravida, eleifend nisl ac, vulputate erat.<\/p> <p data-start=\"2020\" data-end=\"2479\">Curabitur in vehicula tortor, sed efficitur velit. Vivamus at erat sed magna tempor dapibus. Nunc malesuada, lorem nec pretium commodo, risus sem condimentum nibh, in posuere justo orci et orci. Fusce sed vulputate leo, id varius justo. Proin id justo vitae urna condimentum elementum. Etiam ac velit in ligula luctus maximus. Nullam sed vestibulum nunc. Vivamus nec diam dui. Cras malesuada sagittis sem, eget mattis mi scelerisque non. Nulla nec risus ex.<\/p> <p data-start=\"2020\" data-end=\"2479\">Pellentesque non leo orci. Sed eget hendrerit metus, nec varius sapien. Sed a malesuada magna. Sed dapibus volutpat nibh, at facilisis libero feugiat ut. Mauris vestibulum nisl sed malesuada aliquet. Integer vitae ex nec neque finibus ullamcorper. Integer id feugiat eros. Duis aliquet lorem nec neque vestibulum, nec posuere nisl fermentum. Sed finibus mauris a risus porta, sit amet hendrerit velit pharetra. Suspendisse malesuada lacinia sem, vitae tristique sem faucibus eget.<\/p>\n<p>Ja en el <strong>vuit-cents<\/strong>, molts <strong>llauradors endeutats<\/strong> es veien obligats a vendre les seues terres als <strong>burgesos terratinents<\/strong> que estaven interessats a plantar <strong>ra\u00efm moscatell<\/strong> i <strong>arr\u00f2s<\/strong> davant les expectatives de negoci d'estos cultius. La major propiet\u00e0ria del poble fins a l'any <strong>1850<\/strong> era la <strong>v\u00eddua de Josep Rausell de Gandia<\/strong>. Els <strong>procuradors<\/strong> d'estos terratinents tenien una pres\u00e8ncia destacada en la <strong>vida pol\u00edtica i social<\/strong> de Guardamar entre el <strong>segle XIX<\/strong> i el <strong>XX<\/strong>, com la fam\u00edlia <strong>Santmateu<\/strong> o <strong>Poquet<\/strong>. Una filla del <strong>marqu\u00e8s<\/strong> casada amb <strong>Frederic Tr\u00e8nor<\/strong>, el senyor del convent de <strong>Sant Jer\u00f2nim<\/strong>, heretava tots els b\u00e9ns del seu pare a Guardamar de la Safor. Durant el per\u00edode de <strong>II Rep\u00fablica<\/strong>, al poble funcionaren fins a <strong>tres tavernes<\/strong> i van haver diferents projectes per edificar una nova <strong>escola<\/strong> aix\u00ed com per a millorar l'<strong>assist\u00e8ncia sanit\u00e0ria<\/strong> i la <strong>salubritat urbana<\/strong>. Fins al final de la d\u00e8cada dels <strong>60<\/strong> va funcionar l'<strong>escola de prim\u00e0ria<\/strong> i els estudiants van haver de ser escolaritzats a <strong>Daim\u00fas<\/strong>. Guardamar ha comen\u00e7at l'<strong>explotaci\u00f3 tur\u00edstica<\/strong> de la seua <strong>platja<\/strong> molt tard, a partir de la d\u00e8cada dels anys <strong>90<\/strong> del <strong>segle XX<\/strong>.<\/p> <p>Algun dels <strong>edificis singulars<\/strong> del poble s\u00f3n la <strong>casa senyorial dels Tamarits<\/strong>, algunes <strong>antigues alqueries rurals<\/strong> i l'<strong>esgl\u00e9sia de Sant Joan Baptista<\/strong> que comparteix el patronatge de la poblaci\u00f3 amb la <strong>Nostra Senyora de la Llet<\/strong>. L'esgl\u00e9sia es troba annexa a la <strong>parr\u00f2quia de Miramar<\/strong> des de <strong>1535<\/strong>. L'<strong>arxiu municipal<\/strong> conserva les <strong>actes<\/strong> des de <strong>1828<\/strong> i la <strong>comptabilitat<\/strong> des de l'any <strong>1880<\/strong>.<\/p>\n<p>Cras et sem libero.<\/p>","_links":{"self":[{"href":"https:\/\/villalonga.es\/en\/wp-json\/wp\/v2\/pages\/2350","targetHints":{"allow":["GET"]}}],"collection":[{"href":"https:\/\/villalonga.es\/en\/wp-json\/wp\/v2\/pages"}],"about":[{"href":"https:\/\/villalonga.es\/en\/wp-json\/wp\/v2\/types\/page"}],"author":[{"embeddable":true,"href":"https:\/\/villalonga.es\/en\/wp-json\/wp\/v2\/users\/1"}],"replies":[{"embeddable":true,"href":"https:\/\/villalonga.es\/en\/wp-json\/wp\/v2\/comments?post=2350"}],"version-history":[{"count":8,"href":"https:\/\/villalonga.es\/en\/wp-json\/wp\/v2\/pages\/2350\/revisions"}],"predecessor-version":[{"id":2555,"href":"https:\/\/villalonga.es\/en\/wp-json\/wp\/v2\/pages\/2350\/revisions\/2555"}],"up":[{"embeddable":true,"href":"https:\/\/villalonga.es\/en\/wp-json\/wp\/v2\/pages\/146"}],"wp:attachment":[{"href":"https:\/\/villalonga.es\/en\/wp-json\/wp\/v2\/media?parent=2350"}],"curies":[{"name":"wp","href":"https:\/\/api.w.org\/{rel}","templated":true}]}}