{"id":2278,"date":"2025-10-07T21:20:35","date_gmt":"2025-10-07T21:20:35","guid":{"rendered":"https:\/\/xn--diseo-rta.accesia.info\/?page_id=2278"},"modified":"2025-10-07T21:41:38","modified_gmt":"2025-10-07T21:41:38","slug":"proximamente","status":"publish","type":"page","link":"https:\/\/villalonga.es\/en\/proximamente\/","title":{"rendered":"Pr\u00f3ximamente"},"content":{"rendered":"<!--themify_builder_content-->\n<div id=\"themify_builder_content-2278\" data-postid=\"2278\" class=\"themify_builder_content themify_builder_content-2278 themify_builder tf_clear\">\n                    <div  data-mobile-padding=\"3%,3%\" data-css_id=\"oswt31\" data-lazy=\"1\" class=\"module_row themify_builder_row fullwidth_row_container tb_oswt31 tb_first tf_w\">\n            <span class=\"builder_row_cover tf_abs\"><\/span>            <div class=\"row_inner col_align_top tb_col_count_1 tf_box tf_rel\">\n                        <div  data-lazy=\"1\" class=\"module_column tb-column col-full tb_3px435 first\">\n                    <!-- module text -->\n<div  class=\"module module-text tb_nxuy42\" data-lazy=\"1\">\n        <div  class=\"tb_text_wrap\">\n        <h1>Web en mantenimiento<\/h1>\n<p data-start=\"159\" data-end=\"374\">Estamos realizando tareas de actualizaci\u00f3n para ofrecerte una nueva versi\u00f3n de la p\u00e1gina web del Ayuntamiento de Villalonga.<br data-start=\"283\" data-end=\"286\">En breve volver\u00e1 a estar disponible con todas sus secciones y contenidos actualizados.<\/p>\n<p data-start=\"376\" data-end=\"403\">Gracias por tu paciencia.<\/p>\n<p data-start=\"405\" data-end=\"435\"><strong data-start=\"405\" data-end=\"435\">Ayuntamiento de Villalonga<\/strong><\/p>    <\/div>\n<\/div>\n<!-- \/module text -->        <\/div>\n                        <\/div>\n        <\/div>\n        <\/div>\n<!--\/themify_builder_content-->","protected":false},"excerpt":{"rendered":"<p>Web en mantenimiento Estamos realizando tareas de actualizaci\u00f3n para ofrecerte una nueva versi\u00f3n de la p\u00e1gina web del Ayuntamiento de Villalonga.En breve volver\u00e1 a estar disponible con todas sus secciones y contenidos actualizados. Gracias por tu paciencia. Ayuntamiento de Villalonga<\/p>","protected":false},"author":1,"featured_media":0,"parent":0,"menu_order":0,"comment_status":"closed","ping_status":"closed","template":"","meta":{"footnotes":""},"class_list":["post-2278","page","type-page","status-publish","hentry","has-post-title","has-post-date","has-post-category","has-post-tag","has-post-comment","has-post-author",""],"builder_content":"<h1>Web en mantenimiento<\/h1> <p data-start=\"159\" data-end=\"374\">Estamos realizando tareas de actualizaci\u00f3n para ofrecerte una nueva versi\u00f3n de la p\u00e1gina web del Ayuntamiento de Villalonga.<br data-start=\"283\" data-end=\"286\">En breve volver\u00e1 a estar disponible con todas sus secciones y contenidos actualizados.<\/p> <p data-start=\"376\" data-end=\"403\">Gracias por tu paciencia.<\/p> <p data-start=\"405\" data-end=\"435\"><strong data-start=\"405\" data-end=\"435\">Ayuntamiento de Villalonga<\/strong><\/p>","_links":{"self":[{"href":"https:\/\/villalonga.es\/en\/wp-json\/wp\/v2\/pages\/2278","targetHints":{"allow":["GET"]}}],"collection":[{"href":"https:\/\/villalonga.es\/en\/wp-json\/wp\/v2\/pages"}],"about":[{"href":"https:\/\/villalonga.es\/en\/wp-json\/wp\/v2\/types\/page"}],"author":[{"embeddable":true,"href":"https:\/\/villalonga.es\/en\/wp-json\/wp\/v2\/users\/1"}],"replies":[{"embeddable":true,"href":"https:\/\/villalonga.es\/en\/wp-json\/wp\/v2\/comments?post=2278"}],"version-history":[{"count":6,"href":"https:\/\/villalonga.es\/en\/wp-json\/wp\/v2\/pages\/2278\/revisions"}],"predecessor-version":[{"id":2296,"href":"https:\/\/villalonga.es\/en\/wp-json\/wp\/v2\/pages\/2278\/revisions\/2296"}],"wp:attachment":[{"href":"https:\/\/villalonga.es\/en\/wp-json\/wp\/v2\/media?parent=2278"}],"curies":[{"name":"wp","href":"https:\/\/api.w.org\/{rel}","templated":true}]}}