{"id":1081,"date":"2024-11-07T14:50:58","date_gmt":"2024-11-07T14:50:58","guid":{"rendered":"https:\/\/xn--diseo-rta.accesia.info\/?page_id=1081"},"modified":"2025-10-08T18:46:23","modified_gmt":"2025-10-08T18:46:23","slug":"salutacio-de-lalcaldessa","status":"publish","type":"page","link":"https:\/\/villalonga.es\/en\/ajuntament\/salutacio-de-lalcaldessa\/","title":{"rendered":"Greetings from the mayoress"},"content":{"rendered":"<!--themify_builder_content-->\n<div id=\"themify_builder_content-1081\" data-postid=\"1081\" class=\"themify_builder_content themify_builder_content-1081 themify_builder tf_clear\">\n                    <div  data-parallax-bg=\"desktop\" data-lazy=\"1\" class=\"module_row themify_builder_row tb_fvf9342 tb_first tf_w\">\n            <span class=\"builder_row_cover tf_abs\"><\/span>            <div class=\"row_inner col_align_top tb_col_count_1 tf_box tf_rel\">\n                        <div  data-lazy=\"1\" class=\"module_column tb-column col-full tb_sgm3342 first\">\n                    <!-- module text -->\n<div  class=\"module module-text tb_t6uc342\" data-lazy=\"1\">\n        <div  class=\"tb_text_wrap\">\n        <h1 style=\"margin-bottom: 0;\">Greetings from the mayor&#039;s office<\/h1>    <\/div>\n<\/div>\n<!-- \/module text -->        <\/div>\n                        <\/div>\n        <\/div>\n                        <div  data-lazy=\"1\" class=\"module_row themify_builder_row tb_vmjr598 tf_w\">\n                        <div class=\"row_inner col_align_top tb_col_count_1 tf_box tf_rel\">\n                        <div  data-lazy=\"1\" class=\"module_column tb-column col-full tb_bund598 first\">\n                            <div  data-lazy=\"1\" class=\"module_subrow themify_builder_sub_row tf_w col_align_top tb_col_count_1 tb_pphb598\">\n                <div  data-lazy=\"1\" class=\"module_column sub_column col-full tb_itzb598 first\">\n                    <!-- module text -->\n<div  class=\"module module-text tb_giz6598\" data-lazy=\"1\">\n        <div  class=\"tb_text_wrap\">\n        <div class=\"flex-shrink-0 flex flex-col relative items-end\">\n<div class=\"pt-0\">\n<div class=\"gizmo-bot-avatar flex h-8 w-8 items-center justify-center overflow-hidden rounded-full\">\n<div class=\"relative p-1 rounded-sm flex items-center justify-center bg-token-main-surface-primary text-token-text-primary h-8 w-8\">Dear neighbors,<\/div>\n<div class=\"relative p-1 rounded-sm flex items-center justify-center bg-token-main-surface-primary text-token-text-primary h-8 w-8\"><br>It is an honor for me to welcome you to the new website of the Villalonga City Council. With this tool we want to facilitate access to municipal information, make management more transparent and promote citizen participation.\u00a0<span style=\"font-size: 1em;\">We are committed to working for a more inclusive, sustainable and prosperous people.<\/span><\/div>\n<div class=\"relative p-1 rounded-sm flex items-center justify-center bg-token-main-surface-primary text-token-text-primary h-8 w-8\">\u00a0<\/div>\n<div class=\"relative p-1 rounded-sm flex items-center justify-center bg-token-main-surface-primary text-token-text-primary h-8 w-8\">Whether you are a resident, visitor or business owner, you can expect to find what you need here.<\/div>\n<div class=\"relative p-1 rounded-sm flex items-center justify-center bg-token-main-surface-primary text-token-text-primary h-8 w-8\">\u00a0<\/div>\n<div class=\"relative p-1 rounded-sm flex items-center justify-center bg-token-main-surface-primary text-token-text-primary h-8 w-8\"><span style=\"font-weight: bold;\">- Juan Jos\u00e9 Sanchis Garc\u00eda<\/span><\/div>\n<\/div>\n<\/div>\n<\/div>    <\/div>\n<\/div>\n<!-- \/module text -->        <\/div>\n                    <\/div>\n                <\/div>\n                        <\/div>\n        <\/div>\n        <\/div>\n<!--\/themify_builder_content-->","protected":false},"excerpt":{"rendered":"<p>Salutaci\u00f3 de l&#8217;alcald\u00eda Benvolguts ve\u00efns i ve\u00efnes, \u00c9s per a mi un honor donar-vos la benvinguda al nou portal web de l\u2019Ajuntament de Villalonga. Amb aquesta eina volem facilitar l\u2019acc\u00e9s a la informaci\u00f3 municipal, fer m\u00e9s transparent la gesti\u00f3 i promoure la participaci\u00f3 ciutadana.\u00a0Estem compromesos a treballar per un poble m\u00e9s inclusiu, sostenible i pr\u00f2sper. [&hellip;]<\/p>\n","protected":false},"author":1,"featured_media":0,"parent":36,"menu_order":0,"comment_status":"closed","ping_status":"closed","template":"","meta":{"footnotes":""},"class_list":["post-1081","page","type-page","status-publish","hentry","has-post-title","has-post-date","has-post-category","has-post-tag","has-post-comment","has-post-author",""],"builder_content":"<h1 style=\"margin-bottom: 0;\">Salutaci\u00f3 de l'alcald\u00eda<\/h1>\nBenvolguts ve\u00efns i ve\u00efnes, <br>\u00c9s per a mi un honor donar-vos la benvinguda al nou portal web de l\u2019Ajuntament de Villalonga. Amb aquesta eina volem facilitar l\u2019acc\u00e9s a la informaci\u00f3 municipal, fer m\u00e9s transparent la gesti\u00f3 i promoure la participaci\u00f3 ciutadana.\u00a0Estem compromesos a treballar per un poble m\u00e9s inclusiu, sostenible i pr\u00f2sper. \u00a0 Tant si sou ve\u00efns, visitants o empreses, espereu trobar ac\u00ed el que necessiteu. \u00a0 - Juan Jos\u00e9 Sanchis Garc\u00eda","_links":{"self":[{"href":"https:\/\/villalonga.es\/en\/wp-json\/wp\/v2\/pages\/1081","targetHints":{"allow":["GET"]}}],"collection":[{"href":"https:\/\/villalonga.es\/en\/wp-json\/wp\/v2\/pages"}],"about":[{"href":"https:\/\/villalonga.es\/en\/wp-json\/wp\/v2\/types\/page"}],"author":[{"embeddable":true,"href":"https:\/\/villalonga.es\/en\/wp-json\/wp\/v2\/users\/1"}],"replies":[{"embeddable":true,"href":"https:\/\/villalonga.es\/en\/wp-json\/wp\/v2\/comments?post=1081"}],"version-history":[{"count":12,"href":"https:\/\/villalonga.es\/en\/wp-json\/wp\/v2\/pages\/1081\/revisions"}],"predecessor-version":[{"id":2559,"href":"https:\/\/villalonga.es\/en\/wp-json\/wp\/v2\/pages\/1081\/revisions\/2559"}],"up":[{"embeddable":true,"href":"https:\/\/villalonga.es\/en\/wp-json\/wp\/v2\/pages\/36"}],"wp:attachment":[{"href":"https:\/\/villalonga.es\/en\/wp-json\/wp\/v2\/media?parent=1081"}],"curies":[{"name":"wp","href":"https:\/\/api.w.org\/{rel}","templated":true}]}}